{"id":2948,"date":"2018-08-25T04:40:08","date_gmt":"2018-08-25T02:40:08","guid":{"rendered":"https:\/\/www.plm.ba\/start\/"},"modified":"2025-06-17T19:38:19","modified_gmt":"2025-06-17T17:38:19","slug":"start","status":"publish","type":"page","link":"https:\/\/www.plm.ba\/en\/","title":{"rendered":"START"},"content":{"rendered":"<div class=\"wpb-content-wrapper\">[vc_row full_width=&#8221;stretch_row_content_no_spaces&#8221; content_placement=&#8221;middle&#8221; curly_bg_position=&#8221;bg-pos-center-center&#8221; curly_padding=&#8221;content-padding-xs&#8221; css=&#8221;.vc_custom_1511405561893{background-color: #ffffff !important;}&#8221;][vc_column width=&#8221;1\/4&#8243; curly_padding=&#8221;content-padding-none&#8221;][\/vc_column][vc_column width=&#8221;1\/2&#8243; css=&#8221;.vc_custom_1525740033740{padding-right: 5% !important;padding-left: 5% !important;}&#8221;][vc_column_text]\n<h2 class=\"special-title\" style=\"text-align: center;\"><span style=\"color: #000000;\">The World of Puppetry<\/span><\/h2>\n<h4 style=\"text-align: center;\">In cooperation with domestic and foreign authors and artists of different branches, we have been sharing our passion for puppetry with audience of all ages for as many as <a href=\"https:\/\/www.plm.ba\/en\/history\/\">70 years<\/a>!<br \/>\nWe genuinely support the use of puppetry as a means to entertain, educate, and revolutionize social awareness as well as a resource for creative expression.<\/h4>\n[\/vc_column_text][vc_empty_space][\/vc_column][vc_column width=&#8221;1\/4&#8243;][\/vc_column][\/vc_row][vc_row curly_padding=&#8221;content-padding-xl&#8221; css=&#8221;.vc_custom_1514201946595{margin-left: -75px !important;}&#8221;][vc_column width=&#8221;1\/6&#8243;][\/vc_column][vc_column width=&#8221;2\/3&#8243;][vc_column_text]\n<h1 class=\"special-title\" style=\"text-align: center;\">Program<\/h1>\n[\/vc_column_text][vc_empty_space height=&#8221;&#8221; el_class=&#8221;xtd-spacer&#8211;lg&#8221;]\t\t<div class=\"wcs-timetable__wrapper\">\n\t\t\t<div class=\"wcs-vue\" id=\"wcs-app-4\"><\/div>\n\t\t<\/div>\n\t\t[vc_btn title=&#8221;View full schedule&#8221; style=&#8221;btn-outline-primary&#8221; size=&#8221;lg&#8221; align=&#8221;center&#8221; i_align=&#8221;right&#8221; i_icon_fontawesome=&#8221;fa fa-long-arrow-right&#8221; add_icon=&#8221;true&#8221; link=&#8221;url:https%3A%2F%2Fwww.plm.ba%2Fcalendar%2F|title:View%20full%20schedule|&#8221; css=&#8221;.vc_custom_1511462399641{margin-top: 10% !important;}&#8221;][\/vc_column][vc_column width=&#8221;1\/6&#8243;][\/vc_column][\/vc_row][vc_row full_width=&#8221;stretch_row&#8221; content_placement=&#8221;middle&#8221; parallax=&#8221;content-moving&#8221; css_animation=&#8221;fadeInDown&#8221; curly_padding=&#8221;content-padding-none&#8221; css=&#8221;.vc_custom_1514187807141{background-color: #c8ad8c !important;}&#8221;][vc_column][vc_row_inner equal_height=&#8221;yes&#8221; content_placement=&#8221;middle&#8221; css=&#8221;.vc_custom_1695504548824{padding-bottom: 80px !important;background-color: #c8ad8c !important;}&#8221;][vc_column_inner width=&#8221;1\/4&#8243;][vc_column_text]\n<h1 style=\"text-align: center;\">1952<\/h1>\n[\/vc_column_text][vc_column_text]\n<p style=\"text-align: center;\"><strong>SINCE<\/strong><\/p>\n[\/vc_column_text][\/vc_column_inner][vc_column_inner width=&#8221;1\/4&#8243;][vc_column_text]\n<h1 style=\"text-align: center;\">73<\/h1>\n[\/vc_column_text][vc_column_text]\n<p style=\"text-align: center;\"><strong>AWWARDS<\/strong><\/p>\n[\/vc_column_text][\/vc_column_inner][vc_column_inner width=&#8221;1\/4&#8243;][vc_column_text]\n<h1 style=\"text-align: center;\">4<\/h1>\n[\/vc_column_text][vc_column_text]\n<p style=\"text-align: center;\"><strong>GRAND PRIX<\/strong><\/p>\n[\/vc_column_text][\/vc_column_inner][vc_column_inner width=&#8221;1\/4&#8243;][vc_column_text]\n<h1 style=\"text-align: center;\">180<\/h1>\n[\/vc_column_text][vc_column_text]\n<p style=\"text-align: center;\"><strong>PLAY PREMIERE<\/strong><\/p>\n[\/vc_column_text][\/vc_column_inner][\/vc_row_inner][\/vc_column][\/vc_row][vc_row full_width=&#8221;stretch_row&#8221; css=&#8221;.vc_custom_1515665595360{background-image: url(https:\/\/www.plm.ba\/v2\/wp-content\/uploads\/2017\/06\/lightinthetheater.jpeg-copy.jpg?id=93) !important;}&#8221;][vc_column curly_padding=&#8221;content-padding-none&#8221;][vc_column_text]\n<h1 class=\"special-title\" style=\"text-align: center;\">News<\/h1>\n[\/vc_column_text][vc_empty_space height=&#8221;&#8221; el_class=&#8221;xtd-spacer&#8211;lg&#8221;][vc_basic_grid post_type=&#8221;post&#8221; max_items=&#8221;18&#8243; style=&#8221;load-more&#8221; items_per_page=&#8221;9&#8243; item=&#8221;2137&#8243; btn_title=&#8221;MORE&#8230;&#8221; btn_style=&#8221;outline&#8221; btn_shape=&#8221;square&#8221; btn_color=&#8221;chino&#8221; grid_id=&#8221;vc_gid:1695504496036-55ae3fd4-82e5-1&#8243;][\/vc_column][\/vc_row][vc_row full_width=&#8221;stretch_row_content_no_spaces&#8221;][vc_column][vc_row_inner][vc_column_inner][vc_column_text]\n<h1 class=\"special-title\" style=\"text-align: center;\">Getting Here<\/h1>\n[\/vc_column_text][vc_column_text]\n<p class=\"lead\" style=\"text-align: center;\">Bra\u0107e \u0106i\u0161i\u0107a 15, 88000 Mostar, Bosna i Hercegovina<\/p>\n[\/vc_column_text][\/vc_column_inner][\/vc_row_inner][vc_gmaps link=&#8221;#E-8_JTNDaWZyYW1lJTIwc3JjJTNEJTIyaHR0cHMlM0ElMkYlMkZ3d3cuZ29vZ2xlLmNvbSUyRm1hcHMlMkZlbWJlZCUzRnBiJTNEJTIxMW0xOCUyMTFtMTIlMjExbTMlMjExZDE0NTAuODU1MzAxNTExMjYlMjEyZDE3LjgxNTYwOTIyOTQ4ODclMjEzZDQzLjM0MTI0NDUyNTE3MTExJTIxMm0zJTIxMWYwJTIxMmYwJTIxM2YwJTIxM20yJTIxMWkxMDI0JTIxMmk3NjglMjE0ZjEzLjElMjEzbTMlMjExbTIlMjExczB4MCUyNTNBMHgxNTJiOWE3NjRhYzAwNThhJTIxMnNQb3pvcmklMjVDNSUyNUExdGUlMkJsdXRha2ElMkJNb3N0YXIlMjE1ZTAlMjEzbTIlMjExc2VuJTIxMnNiYSUyMTR2MTUzNTE3MTYxNTExMCUyMiUyMHdpZHRoJTNEJTIyNjAwJTIyJTIwaGVpZ2h0JTNEJTIyNDUwJTIyJTIwZnJhbWVib3JkZXIlM0QlMjIwJTIyJTIwc3R5bGUlM0QlMjJib3JkZXIlM0EwJTIyJTIwYWxsb3dmdWxsc2NyZWVuJTNFJTNDJTJGaWZyYW1lJTNF&#8221;][\/vc_column][\/vc_row][vc_row full_width=&#8221;stretch_row&#8221; content_placement=&#8221;middle&#8221; curly_bg_repeat=&#8221;bg-no-repeat&#8221; curly_bg_position=&#8221;bg-pos-center-center&#8221; curly_bg_parallax=&#8221;true&#8221; curly_padding=&#8221;content-padding&#8221; css=&#8221;.vc_custom_1627063077862{margin-top: -105px !important;background-image: url(https:\/\/www.plm.ba\/wp-content\/uploads\/2021\/07\/pozoriste-lutaka-mostar-bgr-foto-publika-scena-blur.jpg?id=4563) !important;background-position: center !important;background-repeat: no-repeat !important;background-size: cover !important;}&#8221;][vc_column offset=&#8221;vc_col-xs-6&#8243;][vc_empty_space][evc_clients type=&#8221;slider&#8221; order=&#8221;DESC&#8221; number_of_visible_items=&#8221;6&#8243; carousel_navigation=&#8221;no&#8221; carousel_pagination=&#8221;no&#8221; number=&#8221;8&#8243; category=&#8221;predstave&#8221; carousel_speed=&#8221;5000&#8243;][vc_empty_space][\/vc_column][\/vc_row]\n<\/div>","protected":false},"excerpt":{"rendered":"<p>[vc_row full_width=&#8221;stretch_row_content_no_spaces&#8221; content_placement=&#8221;middle&#8221; curly_bg_position=&#8221;bg-pos-center-center&#8221; curly_padding=&#8221;content-padding-xs&#8221; css=&#8221;.vc_custom_1511405561893{background-color: #ffffff !important;}&#8221;][vc_column width=&#8221;1\/4&#8243; curly_padding=&#8221;content-padding-none&#8221;][\/vc_column][vc_column width=&#8221;1\/2&#8243; css=&#8221;.vc_custom_1525740033740{padding-right: 5% !important;padding-left: 5% !important;}&#8221;][vc_column_text] The World of Puppetry In cooperation with domestic and foreign authors and artists of different branches, we have been sharing our passion for puppetry with audience of all ages for as many as 70 years! We genuinely support the use of puppetry as a [&hellip;]<\/p>\n","protected":false},"author":1,"featured_media":3760,"parent":0,"menu_order":0,"comment_status":"closed","ping_status":"open","template":"","meta":{"inline_featured_image":false,"footnotes":""},"class_list":["post-2948","page","type-page","status-publish","has-post-thumbnail","hentry"],"_links":{"self":[{"href":"https:\/\/www.plm.ba\/en\/wp-json\/wp\/v2\/pages\/2948","targetHints":{"allow":["GET"]}}],"collection":[{"href":"https:\/\/www.plm.ba\/en\/wp-json\/wp\/v2\/pages"}],"about":[{"href":"https:\/\/www.plm.ba\/en\/wp-json\/wp\/v2\/types\/page"}],"author":[{"embeddable":true,"href":"https:\/\/www.plm.ba\/en\/wp-json\/wp\/v2\/users\/1"}],"replies":[{"embeddable":true,"href":"https:\/\/www.plm.ba\/en\/wp-json\/wp\/v2\/comments?post=2948"}],"version-history":[{"count":1,"href":"https:\/\/www.plm.ba\/en\/wp-json\/wp\/v2\/pages\/2948\/revisions"}],"predecessor-version":[{"id":7429,"href":"https:\/\/www.plm.ba\/en\/wp-json\/wp\/v2\/pages\/2948\/revisions\/7429"}],"wp:featuredmedia":[{"embeddable":true,"href":"https:\/\/www.plm.ba\/en\/wp-json\/wp\/v2\/media\/3760"}],"wp:attachment":[{"href":"https:\/\/www.plm.ba\/en\/wp-json\/wp\/v2\/media?parent=2948"}],"curies":[{"name":"wp","href":"https:\/\/api.w.org\/{rel}","templated":true}]}}