{"id":2976,"date":"2018-08-26T04:15:28","date_gmt":"2018-08-26T02:15:28","guid":{"rendered":"https:\/\/www.plm.ba\/about-us\/guest-performances-of-puppet-theater-in-mostar\/"},"modified":"2018-08-26T04:26:58","modified_gmt":"2018-08-26T02:26:58","slug":"guest-performances-of-puppet-theater-in-mostar","status":"publish","type":"page","link":"https:\/\/www.plm.ba\/en\/about-us\/guest-performances-of-puppet-theater-in-mostar\/","title":{"rendered":"Guest Performances of Puppet Theater in Mostar"},"content":{"rendered":"<div class=\"wpb-content-wrapper\">[vc_row][vc_column][vc_column_text]\n<h3><\/h3>\n<p class=\"display-4\" style=\"text-align: center;\">Guest Performances<\/p>\n<h4 style=\"text-align: center;\">of Puppet Theater in Mostar<\/h4>\n[\/vc_column_text][\/vc_column][\/vc_row][vc_row curly_padding=&#8221;content-padding-none&#8221;][vc_column curly_padding=&#8221;content-padding-none&#8221;][vc_single_image image=&#8221;2944&#8243; img_size=&#8221;large&#8221; alignment=&#8221;center&#8221; style=&#8221;xtd-shadow&#8211;normal-hard&#8221; css_animation=&#8221;none&#8221;][\/vc_column][\/vc_row][vc_row curly_padding=&#8221;content-padding-none&#8221;][vc_column][vc_column_text]\n<h3 style=\"text-align: center;\"><strong>Full steam ahead!<\/strong><\/h3>\n<p style=\"text-align: center;\">Director: Elica Petkova<\/p>\n<p style=\"text-align: center;\">06.3.2018. &#8211; Festival &#8220;Sarajevo winter 2018&#8221;, Sarajevo<br \/>\n24.4.2018. &#8211; Festival Actress, Konjic<br \/>\n03.5.2018. &#8211; IV Festival dje\u010dije umjetnosti &#8211; FEDU, Sarajevo<br \/>\n16.5.2018. &#8211; Postfestivalski lutkarski kids program, Zenica<br \/>\n17.5.2018. &#8211; 19. Me\u0111unarodni festival profesionalnih lutkarskih pozori\u0161ta &#8211; LUT FEST 2018, Isto\u010dno Sarajevo<\/p>\n[\/vc_column_text][\/vc_column][\/vc_row][vc_row curly_padding=&#8221;content-padding-none&#8221;][vc_column curly_padding=&#8221;content-padding-none&#8221;][vc_single_image image=&#8221;1371&#8243; img_size=&#8221;large&#8221; alignment=&#8221;center&#8221; style=&#8221;xtd-shadow&#8211;normal-hard&#8221; css_animation=&#8221;none&#8221;][\/vc_column][\/vc_row][vc_row curly_padding=&#8221;content-padding-none&#8221;][vc_column][vc_column_text]\n<h3 style=\"text-align: center;\"><strong>Prince on My Street<\/strong><\/h3>\n<p style=\"text-align: center;\">Director: Ned\u017ead Maksumi\u0107<\/p>\n<p style=\"text-align: center;\">31.3.2017. &#8211; Centar za kulturu Te\u0161anj<br \/>\n6.5.2017. &#8211;\u00a0 3. Festival dje\u010dije umjetnosti u Sarajevu &#8211; FEDU<br \/>\n11.5.2017. &#8211; Centar za kulturu &#8211; Narodni univerzitet Konjic<br \/>\n3.10.2017. &#8211; 18. me\u0111unarodni festival profesionalnih lutkarskih pozori\u0161ta za djecu &#8211; LUT FEST<br \/>\n19.4.2018. &#8211; Bugojansko prolje\u0107e 2018, Bugojno<br \/>\n20.4.2018. &#8211; Dom kulture Donji Vakuf<\/p>\n[\/vc_column_text][\/vc_column][\/vc_row][vc_row curly_padding=&#8221;content-padding-none&#8221; css=&#8221;.vc_custom_1515366141864{margin-top: 32px !important;}&#8221;][vc_column][vc_single_image image=&#8221;1377&#8243; img_size=&#8221;large&#8221; alignment=&#8221;center&#8221; style=&#8221;xtd-shadow&#8211;normal-hard&#8221; css_animation=&#8221;none&#8221;][\/vc_column][\/vc_row][vc_row curly_padding=&#8221;content-padding-none&#8221;][vc_column][vc_column_text]\n<h3 style=\"text-align: center;\"><strong>The Beauty and the Beast<\/strong><\/h3>\n<p style=\"text-align: center;\">Director: Todor Valov<\/p>\n<p style=\"text-align: center;\">July 10, 2015 \u2013 Festival \u201cBa\u0161\u010dar\u0161ija nights\u201d Sarajevo<br \/>\nAugust 24, 2015 \u2013 Festival \u201cMini Summer\u201d, Ljubljana, Slovenia<br \/>\nOctober 6, 2015 \u2013 14th International Festival of Children\u2019s Theater, Banja Luka<br \/>\nOctober 10, 2015 \u2013 55th Theater Festival MESS, Sarajevo<br \/>\nMay 18, 2016 \u2013 17th International Festival of Children\u2019s Theater \u201cLut Fest\u201d, East Sarajevo<br \/>\nSeptember 19, 2016 \u2013 24th Meetup of Puppet Theaters of Bosnia and Herzegovina, Bugojno<br \/>\nApril 27, 2017 \u2013 Folkets Hus, Emmaboda, Sweden<br \/>\nApril 28, 2017 \u2013 Barnens scen, Malmo, Sweden<br \/>\nApril 29, 2017 \u2013 Sodra Teatern, Kagelbanan, Stockholm, Sweden<br \/>\nApril 30, 2017 \u2013 Brewhouse, Goteborg, Sweden<br \/>\nSeptember 14, 2017 \u2013 9th Bugojno Puppet Biennial, Bugojno<\/p>\n[\/vc_column_text][\/vc_column][\/vc_row][vc_row curly_padding=&#8221;content-padding-none&#8221; css=&#8221;.vc_custom_1515366200294{margin-top: 32px !important;}&#8221;][vc_column][vc_single_image image=&#8221;1379&#8243; img_size=&#8221;large&#8221; alignment=&#8221;center&#8221; style=&#8221;xtd-shadow&#8211;normal-hard&#8221; css_animation=&#8221;none&#8221;][\/vc_column][\/vc_row][vc_row curly_padding=&#8221;content-padding-none&#8221;][vc_column][vc_column_text]\n<h3 style=\"text-align: center;\"><strong>Heart of Ice<\/strong><\/h3>\n<p style=\"text-align: center;\">Director: Todor Valov<\/p>\n<p style=\"text-align: center;\">September 22, 2014 \u2013 22nd Meetup of Puppet Theaters in Bosnia and Herzegovina, Bugojno<br \/>\nSeptember 29, 2014 \u2013 13th International Festival of Children\u2019s Theater, Banja Luka<br \/>\nMay 11-14, 2015 \u2013 17th International Festival of Children\u2019s Theater \u201cGolden Spark\u201d, Kragujevac, Serbia<br \/>\nMay 11-15, 2015 \u2013 16th International Festival of Puppet Theaters for Children \u201cLut Fest\u201d, East Sarajevo<br \/>\nSeptember 9, 2015 \u2013 4th International Festival of Puppetry, Podgorica, Montenegro<br \/>\nSeptember 10, 2015 \u2013 Performance in Herceg Novi, within the 4th International Festival of Puppetry, Podgorica, Montenegro<br \/>\nSeptember 14, 2015 \u2013 8th Puppet Biennial, Bugojno<\/p>\n[\/vc_column_text][\/vc_column][\/vc_row][vc_row curly_padding=&#8221;content-padding-none&#8221; css=&#8221;.vc_custom_1515366217079{margin-top: 32px !important;}&#8221;][vc_column][vc_single_image image=&#8221;1383&#8243; img_size=&#8221;large&#8221; alignment=&#8221;center&#8221; style=&#8221;xtd-shadow&#8211;normal-hard&#8221; css_animation=&#8221;none&#8221;][\/vc_column][\/vc_row][vc_row curly_padding=&#8221;content-padding-none&#8221;][vc_column][vc_column_text]\n<h3 style=\"text-align: center;\"><strong>The Ugly Duckling<\/strong><\/h3>\n<p style=\"text-align: center;\">Director: Robert Waltl<\/p>\n<p style=\"text-align: center;\">August 31, 2013 \u2013 Festival \u201cMini Summer\u201d, Ljubljana, Slovenia<br \/>\nSeptember 1, 2013 \u2013 24th International Festival \u201cSummer Puppet Pier\u201d, Maribor, Slovenia<br \/>\nSeptember 6, 2013 \u2013 Performance in Stolac, Bosnia and Herzegovina<br \/>\nOctober 1, 2013 \u2013 Children\u2019s Festival \u201cC\u2019mon World, Be a Child!\u201d, Center for Culture Sarajevo<br \/>\nOctober 8, 2013 \u2013 12th International Festival of Children\u2019s Theater, Banja Luka<\/p>\n[\/vc_column_text][\/vc_column][\/vc_row][vc_row curly_padding=&#8221;content-padding-none&#8221; css=&#8221;.vc_custom_1515366287035{margin-top: 32px !important;}&#8221;][vc_column][vc_single_image image=&#8221;1388&#8243; img_size=&#8221;large&#8221; alignment=&#8221;center&#8221; style=&#8221;xtd-shadow&#8211;normal-hard&#8221; css_animation=&#8221;none&#8221;][\/vc_column][\/vc_row][vc_row curly_padding=&#8221;content-padding-none&#8221;][vc_column curly_padding=&#8221;content-padding-none&#8221;][vc_column_text]\n<h3 style=\"text-align: center;\"><strong>Snow White<\/strong><\/h3>\n<p style=\"text-align: center;\">Director: Ned\u017ead Maksumi\u0107<\/p>\n<p style=\"text-align: center;\">October 9, 2012 \u2013 11th International Festival of Children\u2019s Theater, Banja Luka<\/p>\n[\/vc_column_text][\/vc_column][\/vc_row][vc_row curly_padding=&#8221;content-padding-none&#8221; css=&#8221;.vc_custom_1515366310719{margin-top: 32px !important;}&#8221;][vc_column][vc_single_image image=&#8221;1390&#8243; img_size=&#8221;large&#8221; alignment=&#8221;center&#8221; style=&#8221;xtd-shadow&#8211;normal-hard&#8221; css_animation=&#8221;none&#8221;][\/vc_column][\/vc_row][vc_row curly_padding=&#8221;content-padding-none&#8221;][vc_column curly_padding=&#8221;content-padding-none&#8221;][vc_column_text]\n<h3 style=\"text-align: center;\"><strong>A Forest at the End of the World<\/strong><\/h3>\n<p style=\"text-align: center;\">Director: Ned\u017ead Maksumi\u0107<\/p>\n<p style=\"text-align: center;\">April 27, 2012 \u2013 Festival \u201cMostar Spring \u2013 Days of Matica hrvatska Mostar\u201d Herzegovina-Neretva Canton, Mostar, Bosnia and Herzegovina<br \/>\nMay 16, 2012 \u2013 13th International Festival of Puppet Theater for Children \u201cLut Fest\u201d, East Sarajevo<br \/>\nSeptember 17, 2012 \u2013 20th Meetup of Puppet Theaters in Bosnia and Herzegovina, Bugojno<\/p>\n[\/vc_column_text][\/vc_column][\/vc_row][vc_row curly_padding=&#8221;content-padding-none&#8221; css=&#8221;.vc_custom_1515366341906{margin-top: 32px !important;}&#8221;][vc_column curly_padding=&#8221;content-padding-none&#8221;][vc_single_image image=&#8221;1391&#8243; img_size=&#8221;large&#8221; alignment=&#8221;center&#8221; style=&#8221;xtd-shadow&#8211;normal-hard&#8221; css_animation=&#8221;none&#8221;][\/vc_column][\/vc_row][vc_row curly_padding=&#8221;content-padding-none&#8221;][vc_column curly_padding=&#8221;content-padding-none&#8221;][vc_column_text]\n<h3 style=\"text-align: center;\"><strong>Pinocchio<\/strong><\/h3>\n<p style=\"text-align: center;\">Director: Jaroslaw Antoniuk<\/p>\n<p style=\"text-align: center;\">April 29, 2011 \u2013 Festival \u201cMostar Spring \u2013 Days of Matica hrvatska Mostar\u201d Herzegovina-Neretva Canton, Mostar, Bosnia and Herzegovina<br \/>\nMay 11, 2011 \u2013 12th International Festival of Puppet Theater for Children \u201cLut Fest\u201d, East Sarajevo<br \/>\nMay 13, 2011 \u2013 13th International Festival of Children\u2019s Theater \u201cGolden Spark\u201d, Kragujevac, Serbia<br \/>\nJune 5, 2011 \u2013 8th International Festival of Puppet Theaters \u201cThe Magic of Wind\u201d, Sliven, Bulgaria<br \/>\nJuly 3, 2011 \u2013 Festival \u201cMini Summer\u201d, Ljubljana, Slovenia<br \/>\nSeptember 23, 2011 \u2013 19th Meetup of Puppet Theaters in Bosnia and Herzegovina, Bugojno<br \/>\nMay 13, 2012 \u2013 14th International Festival of Children\u2019s Theater \u201cGolden Spark\u201d, Kragujevac, Serbia<\/p>\n[\/vc_column_text][\/vc_column][\/vc_row][vc_row curly_padding=&#8221;content-padding-none&#8221; css=&#8221;.vc_custom_1515366382964{margin-top: 32px !important;}&#8221;][vc_column curly_padding=&#8221;content-padding-none&#8221;][vc_single_image image=&#8221;1394&#8243; img_size=&#8221;large&#8221; alignment=&#8221;center&#8221; style=&#8221;xtd-shadow&#8211;normal-hard&#8221; css_animation=&#8221;none&#8221;][\/vc_column][\/vc_row][vc_row curly_padding=&#8221;content-padding-none&#8221;][vc_column][vc_column_text]\n<h3 style=\"text-align: center;\"><strong>The Tinder Box<\/strong><\/h3>\n<p style=\"text-align: center;\">Director: Slav\u010do Malinov<\/p>\n<p style=\"text-align: center;\">September 22-26, 2009 \u2013 17th Meetup of Puppet Theaters in Bosnia and Herzegovina, Bugojno<br \/>\nMay 5, 2010 \u2013 Festival \u201cMostar Spring \u2013 Days of Matica hrvatska Mostar\u201d<br \/>\nMay 14, 2010 \u2013 11th International Festival \u201cLut Fest\u201dm East Sarajevo \/ 11. me\u0111unarodni festival \u201eLut fest\u201c, Isto\u010dno Sarajevo<br \/>\nJune 9, 2010 \u2013 23rd International Puppet Festival \u201cValisa\u201d, Lom\u017ea, Poland<br \/>\nMarch 15-20, 2016 \u2013 Herceg Novi and Bijela, Montenegro<br \/>\nMay 30, 2016 \u2013 \u201cChildren\u2019s Art Festival\u201d Sarajevo<br \/>\nOctober 10, 2016 \u2013 15th International Festival of Children\u2019s Puppet Theater, Banja Luka<\/p>\n[\/vc_column_text][\/vc_column][\/vc_row][vc_row curly_padding=&#8221;content-padding-none&#8221; css=&#8221;.vc_custom_1515366431601{margin-top: 32px !important;}&#8221;][vc_column][vc_single_image image=&#8221;1393&#8243; img_size=&#8221;large&#8221; alignment=&#8221;center&#8221; style=&#8221;xtd-shadow&#8211;normal-hard&#8221; css_animation=&#8221;none&#8221;][\/vc_column][\/vc_row][vc_row curly_padding=&#8221;content-padding-none&#8221;][vc_column][vc_column_text]\n<h3 style=\"text-align: center;\"><strong>I Want to Be Normal<\/strong><\/h3>\n<p style=\"text-align: center;\">Director: Todor Valov<\/p>\n<p style=\"text-align: center;\">May 11, 2009 \u2013 11th International of Children\u2019s Theater \u201cGolden Spark\u201d, Kragujevac, Serbia<br \/>\nMay 14, 2009 \u2013 10th International Children\u2019s Festival \u201cLut Fest\u201d, East Sarajevo \/ 10. me\u0111unarodni dje\u010diji festival \u201eLut fest\u201c, Isto\u010dno Sarajevo<br \/>\nApril 24, 2009 \u2013 Festival \u201cMostar Spring \u2013 Days of Matica hrvatska Mostar\u201d<br \/>\nOctober 12, 2009 \u2013 8th International Festival of Children\u2019s Theaters, Banja Luka<br \/>\nApril 21, 2010 \u2013 8th International Festival \u201cPozori\u0161te Zvezdari\u0161te\u201d, Belgrade, Serbia<br \/>\nOctober 26, 2010 \u2013 50th Jubilee Theater Fest MESS, Sarajevo<br \/>\nSeptember 7, 2012 \u2013 20th International Festival of Puppet Theaters, Plvodiv, Bulgaria<\/p>\n[\/vc_column_text][\/vc_column][\/vc_row][vc_row curly_padding=&#8221;content-padding-none&#8221; css=&#8221;.vc_custom_1515366449764{margin-top: 32px !important;}&#8221;][vc_column][vc_single_image image=&#8221;1396&#8243; img_size=&#8221;large&#8221; alignment=&#8221;center&#8221; style=&#8221;xtd-shadow&#8211;normal-hard&#8221; css_animation=&#8221;none&#8221;][\/vc_column][\/vc_row][vc_row curly_padding=&#8221;content-padding-none&#8221;][vc_column][vc_column_text]\n<h3 style=\"text-align: center;\"><strong>The Hedgehog\u2019s Home<\/strong><\/h3>\n<p style=\"text-align: center;\">Director: Robert Waltl<\/p>\n<p style=\"text-align: center;\">November, 21-22, 2007 \u2013 Visiting performance organized by Croatian Musical Youth, Split, Croatia<br \/>\nMay 8, 2008 \u2013 \u201cDays of Matica Hrvatska Mostar\u201d, Herzegovina-Neretva Canton<br \/>\nMay 14, 2008 \u2013 International Children\u2019s Festival \u201cLut Fest\u201d, East Sarajevo<br \/>\nJune 20, 2008 \u2013 Festival \u201cMultikids\u201d, Vienna, Austria<br \/>\nJune 21, 2008 \u2013 The Puppet Theater, Maribor, Slovenia<br \/>\nJune 22, 2008 \u2013 10th International Festival for Children \u201cMini Summer\u201d, Ljubljana, Slovenia<\/p>\n[\/vc_column_text][\/vc_column][\/vc_row][vc_row curly_padding=&#8221;content-padding-none&#8221; css=&#8221;.vc_custom_1515366469967{margin-top: 32px !important;}&#8221;][vc_column][vc_single_image image=&#8221;1398&#8243; img_size=&#8221;large&#8221; alignment=&#8221;center&#8221; style=&#8221;xtd-shadow&#8211;normal-hard&#8221; css_animation=&#8221;none&#8221;][\/vc_column][\/vc_row][vc_row curly_padding=&#8221;content-padding-none&#8221;][vc_column][vc_column_text]\n<h3 style=\"text-align: center;\"><strong>The Puss in Jeans<\/strong><\/h3>\n<p style=\"text-align: center;\">Director: Robert Waltl<\/p>\n<p style=\"text-align: center;\">June 15, 2007 \u2013 Festival \u201cMultikids\u201d, Vienna, Austria<br \/>\nJune 17, 2007 \u2013 Slovenian Youth Theater, Ljubljana, Slovenia<br \/>\nJune 21, 2008 \u2013 The Puppet Theater, Maribor, Slovenia<\/p>\n[\/vc_column_text][\/vc_column][\/vc_row][vc_row curly_padding=&#8221;content-padding-none&#8221; css=&#8221;.vc_custom_1515366482148{margin-top: 32px !important;}&#8221;][vc_column][vc_single_image image=&#8221;1400&#8243; img_size=&#8221;large&#8221; alignment=&#8221;center&#8221; style=&#8221;xtd-shadow&#8211;normal-hard&#8221; css_animation=&#8221;none&#8221;][\/vc_column][\/vc_row][vc_row curly_padding=&#8221;content-padding-none&#8221;][vc_column][vc_column_text]\n<h3 style=\"text-align: center;\"><strong>The Robber\u2019s Story<\/strong><\/h3>\n<p style=\"text-align: center;\">Director: Slav\u010do Malenov<\/p>\n<p style=\"text-align: center;\">April 8, 2006 \u2013 \u201cPuppetry Spring\u201d, Ora\u0161je<br \/>\nApril 28, 2006 \u2013 \u201cDays of Matica Hrvatska Mostar\u201d, Mostar<br \/>\nSeptember 18, 2006 \u2013 60th Anniversary of Central Puppet Theater, Sofia, Bulgaria<br \/>\nMay 14, 2007 \u2013 International Children\u2019s Festival \u201cLut Fest\u201d, East Sarajevo<br \/>\nMay 22, 2007 \u2013 14th International Festival of Children\u2019s Theaters, Subotica, Serbia<br \/>\nMay 23, 2007 \u2013 Youth Theater, Novi Sad, Serbia<br \/>\nJuly 6, 2007 \u2013 47th International Children\u2019s Festival, \u0160ibenik, Croatia<br \/>\nSeptember 22, 2008 \u2013 16th Meetup of Puppet Theaters in Bosnia and Herzegovina, Bugojno<\/p>\n[\/vc_column_text][\/vc_column][\/vc_row][vc_row curly_padding=&#8221;content-padding-none&#8221; css=&#8221;.vc_custom_1515366499012{margin-top: 32px !important;}&#8221;][vc_column][vc_single_image image=&#8221;1403&#8243; img_size=&#8221;large&#8221; alignment=&#8221;center&#8221; style=&#8221;xtd-shadow&#8211;normal-hard&#8221; css_animation=&#8221;none&#8221;][\/vc_column][\/vc_row][vc_row curly_padding=&#8221;content-padding-none&#8221;][vc_column][vc_column_text]\n<h3 style=\"text-align: center;\"><strong>The Little Muck<\/strong><\/h3>\n<p style=\"text-align: center;\">Director: Slav\u010do Malenov<\/p>\n<p style=\"text-align: center;\">May 16, 2005 \u2013 7th International Festival of Children\u2019s Theaters \u201cGolden Spark\u201d, Kragujevac, Serbia \/ 7. me\u0111unarodni festival pozori\u0161ta za decu \u201eZlatna iskra\u201c, Kragujevac, Srbija<br \/>\nJuly 26 and 27, 2010 \u2013 13th International Puppet Theater Festival \u201cMobarak\u201d, Tehran, Iran<\/p>\n[\/vc_column_text][\/vc_column][\/vc_row][vc_row curly_padding=&#8221;content-padding-none&#8221; css=&#8221;.vc_custom_1515366512199{margin-top: 32px !important;}&#8221;][vc_column][vc_single_image image=&#8221;1407&#8243; img_size=&#8221;large&#8221; alignment=&#8221;center&#8221; style=&#8221;xtd-shadow&#8211;normal-hard&#8221; css_animation=&#8221;none&#8221;][\/vc_column][\/vc_row][vc_row curly_padding=&#8221;content-padding-none&#8221;][vc_column][vc_column_text]\n<h3 style=\"text-align: center;\"><strong>A Cloud in Love<\/strong><\/h3>\n<p style=\"text-align: center;\">Director: Wojciech Wieczorkiewicz<\/p>\n<p style=\"text-align: center;\">March 15, 2003 \u2013 19th International Festival \u201cSarajevo Winter\u201d, Sarajevo<\/p>\n[\/vc_column_text][\/vc_column][\/vc_row][vc_row curly_padding=&#8221;content-padding-none&#8221; css=&#8221;.vc_custom_1515366525935{margin-top: 32px !important;}&#8221;][vc_column][vc_single_image image=&#8221;1413&#8243; img_size=&#8221;large&#8221; alignment=&#8221;center&#8221; style=&#8221;xtd-shadow&#8211;normal-hard&#8221; css_animation=&#8221;none&#8221;][\/vc_column][\/vc_row][vc_row curly_padding=&#8221;content-padding-none&#8221;][vc_column][vc_column_text]\n<h3 style=\"text-align: center;\"><strong>The Two Princesses<\/strong><\/h3>\n<p style=\"text-align: center;\">Director: Slav\u010do Malenov<\/p>\n<p style=\"text-align: center;\">May 13, 2002 \u2013 1st International Festival of Children\u2019s Theaters, Banja Luka<br \/>\nMay 19-20, 2004 \u2013 6th International Festival of Children\u2019s Theaters \u201cGolden Spark\u201d, Kragujevac, Seria<br \/>\nApril 2, 2009 \u2013 \u201cPuppetry Spring\u201d Ora\u0161je<\/p>\n[\/vc_column_text][\/vc_column][\/vc_row][vc_row curly_padding=&#8221;content-padding-none&#8221; css=&#8221;.vc_custom_1515366544191{margin-top: 32px !important;}&#8221;][vc_column][vc_single_image image=&#8221;1418&#8243; img_size=&#8221;large&#8221; alignment=&#8221;center&#8221; style=&#8221;xtd-shadow&#8211;normal-hard&#8221; css_animation=&#8221;none&#8221;][\/vc_column][\/vc_row][vc_row curly_padding=&#8221;content-padding-none&#8221;][vc_column][vc_column_text]\n<h3 style=\"text-align: center;\"><strong>The Tin Soldier<\/strong><\/h3>\n<p style=\"text-align: center;\">Director: Muhamed Nametak<\/p>\n<p style=\"text-align: center;\">October 24-26, 1997 \u2013 Barcelona, Mataro, Spain<br \/>\nJanuary 13-21, 1998 \u2013 Parma, Reggio Emilia, Italy<br \/>\nMarch 15, 1998 \u2013 14th International Festival \u201cSarajevo Winter\u201d<\/p>\n[\/vc_column_text][\/vc_column][\/vc_row][vc_row curly_padding=&#8221;content-padding-none&#8221; css=&#8221;.vc_custom_1515366556141{margin-top: 32px !important;}&#8221;][vc_column][vc_single_image image=&#8221;1419&#8243; img_size=&#8221;large&#8221; alignment=&#8221;center&#8221; style=&#8221;xtd-shadow&#8211;normal-hard&#8221; css_animation=&#8221;none&#8221;][\/vc_column][\/vc_row][vc_row curly_padding=&#8221;content-padding-none&#8221;][vc_column][vc_column_text]\n<h3 style=\"text-align: center;\"><strong>Male Snow White<\/strong><\/h3>\n<p style=\"text-align: center;\">Director: Ned\u017ead Maksumi\u0107<\/p>\n<p style=\"text-align: center;\">March 6, 2008 \u2013 \u201cPuppetry Spring\u201d Ora\u0161je<\/p>\n[\/vc_column_text][\/vc_column][\/vc_row]\n<\/div>","protected":false},"excerpt":{"rendered":"<p>[vc_row][vc_column][vc_column_text] Guest Performances of Puppet Theater in Mostar [\/vc_column_text][\/vc_column][\/vc_row][vc_row curly_padding=&#8221;content-padding-none&#8221;][vc_column curly_padding=&#8221;content-padding-none&#8221;][vc_single_image image=&#8221;2944&#8243; img_size=&#8221;large&#8221; alignment=&#8221;center&#8221; style=&#8221;xtd-shadow&#8211;normal-hard&#8221; css_animation=&#8221;none&#8221;][\/vc_column][\/vc_row][vc_row curly_padding=&#8221;content-padding-none&#8221;][vc_column][vc_column_text] Full steam ahead! Director: Elica Petkova 06.3.2018. &#8211; Festival &#8220;Sarajevo winter 2018&#8221;, Sarajevo 24.4.2018. &#8211; Festival Actress, Konjic 03.5.2018. &#8211; IV Festival dje\u010dije umjetnosti &#8211; FEDU, Sarajevo 16.5.2018. &#8211; Postfestivalski lutkarski kids program, Zenica 17.5.2018. &#8211; 19. Me\u0111unarodni festival profesionalnih lutkarskih pozori\u0161ta &#8211; [&hellip;]<\/p>\n","protected":false},"author":2,"featured_media":0,"parent":2962,"menu_order":0,"comment_status":"closed","ping_status":"closed","template":"page-templates\/page-sidebar-right.php","meta":{"inline_featured_image":false,"footnotes":""},"class_list":["post-2976","page","type-page","status-publish","hentry"],"_links":{"self":[{"href":"https:\/\/www.plm.ba\/en\/wp-json\/wp\/v2\/pages\/2976","targetHints":{"allow":["GET"]}}],"collection":[{"href":"https:\/\/www.plm.ba\/en\/wp-json\/wp\/v2\/pages"}],"about":[{"href":"https:\/\/www.plm.ba\/en\/wp-json\/wp\/v2\/types\/page"}],"author":[{"embeddable":true,"href":"https:\/\/www.plm.ba\/en\/wp-json\/wp\/v2\/users\/2"}],"replies":[{"embeddable":true,"href":"https:\/\/www.plm.ba\/en\/wp-json\/wp\/v2\/comments?post=2976"}],"version-history":[{"count":0,"href":"https:\/\/www.plm.ba\/en\/wp-json\/wp\/v2\/pages\/2976\/revisions"}],"up":[{"embeddable":true,"href":"https:\/\/www.plm.ba\/en\/wp-json\/wp\/v2\/pages\/2962"}],"wp:attachment":[{"href":"https:\/\/www.plm.ba\/en\/wp-json\/wp\/v2\/media?parent=2976"}],"curies":[{"name":"wp","href":"https:\/\/api.w.org\/{rel}","templated":true}]}}