{"id":3006,"date":"2018-08-26T07:29:15","date_gmt":"2018-08-26T05:29:15","guid":{"rendered":"https:\/\/www.plm.ba\/repertoire\/"},"modified":"2024-11-27T22:10:33","modified_gmt":"2024-11-27T21:10:33","slug":"repertoire","status":"publish","type":"page","link":"https:\/\/www.plm.ba\/en\/repertoire\/","title":{"rendered":"Repertoire"},"content":{"rendered":"<div class=\"wpb-content-wrapper\">[vc_row gap=&#8221;10&#8243; css=&#8221;.vc_custom_1732741412319{border-top-width: 5px !important;border-right-width: 5px !important;border-bottom-width: 5px !important;border-left-width: 5px !important;border-color: #C8AD8C !important;}&#8221;][vc_column width=&#8221;1\/2&#8243;][vc_row_inner gap=&#8221;10&#8243; css=&#8221;.vc_custom_1579982503601{border-top-width: 10px !important;border-right-width: 10px !important;border-bottom-width: 10px !important;border-left-width: 10px !important;border-left-color: #c8ad8c !important;border-left-style: solid !important;border-right-color: #c8ad8c !important;border-right-style: solid !important;border-top-color: #c8ad8c !important;border-top-style: solid !important;border-bottom-color: #c8ad8c !important;border-bottom-style: solid !important;border-radius: 2px !important;}&#8221;][vc_column_inner][vc_single_image image=&#8221;7189&#8243; img_size=&#8221;large&#8221; style=&#8221;xtd-shadow&#8211;normal-hard&#8221; onclick=&#8221;custom_link&#8221; css_animation=&#8221;bounceIn&#8221; css=&#8221;&#8221; link=&#8221;https:\/\/www.plm.ba\/en\/repertoire\/city-of-lights\/&#8221;][\/vc_column_inner][\/vc_row_inner][\/vc_column][vc_column width=&#8221;1\/2&#8243;][vc_column_text css=&#8221;&#8221; el_class=&#8221;pagebrk&#8221;]\n<h2 style=\"text-align: left;\"><a href=\"https:\/\/www.plm.ba\/en\/repertoire\/city-of-lights\/\">City of Lights<\/a><\/h2>\n<hr \/>\n<p>&#8220;City of Lights&#8221; tells the story of a city, of its recognizable values, of the light carried within its people, those who created this city and were its greatest value, but it also tells of the existence and existence of those people who wanted to extinguish its light and destroy everything urban in it.[\/vc_column_text][vc_btn title=&#8221;More&#8221; css=&#8221;&#8221; link=&#8221;url:https%3A%2F%2Fwww.plm.ba%2Fen%2Frepertoire%2Fcity-of-lights%2F|title:City%20of%20Lights|target:_blank&#8221; el_class=&#8221;.button&#8221;][\/vc_column][\/vc_row][vc_row gap=&#8221;10&#8243;][vc_column width=&#8221;1\/3&#8243;][vc_row_inner gap=&#8221;10&#8243; css=&#8221;.vc_custom_1732741450658{border-radius: 2px !important;border-color: #C8AD8C !important;}&#8221;][vc_column_inner][vc_single_image image=&#8221;6299&#8243; img_size=&#8221;large&#8221; style=&#8221;xtd-shadow&#8211;normal-hard&#8221; onclick=&#8221;custom_link&#8221; css_animation=&#8221;bounceIn&#8221; css=&#8221;&#8221;][vc_column_text css=&#8221;&#8221; el_class=&#8221;pagebrk&#8221;]\n<h3 style=\"text-align: left;\">Once Upon a Time There Was an Egg<\/h3>\n<hr \/>\n<p>The play &#8220;Once Upon a Time There Was an Egg&#8221; brings to life the animal characters of the Fox, the Wolf, the Hare and the Bear. Here the animals have human characteristics attributed to them in fables. The Hare finds an egg in the middle of the forest. The forest animals wonder where it came from, whose it is and what to do with it.[\/vc_column_text][vc_btn title=&#8221;More&#8221; link=&#8221;url:https%3A%2F%2Fwww.plm.ba%2Fen%2Frepertoire%2Fthe-boy-who-dreamed-of-the-sea%2F|title:On%20Tenderness|target:%20_blank|&#8221; el_class=&#8221;.button&#8221;][\/vc_column_inner][\/vc_row_inner][\/vc_column][vc_column width=&#8221;1\/3&#8243;][vc_row_inner gap=&#8221;10&#8243; css=&#8221;.vc_custom_1732741432249{border-radius: 2px !important;border-color: #c8ad8c !important;}&#8221;][vc_column_inner][vc_single_image image=&#8221;4183&#8243; img_size=&#8221;large&#8221; style=&#8221;xtd-shadow&#8211;normal-hard&#8221; onclick=&#8221;custom_link&#8221; css_animation=&#8221;bounceIn&#8221; css=&#8221;&#8221; link=&#8221;https:\/\/www.plm.ba\/en\/repertoire\/the-boy-who-dreamed-of-the-sea\/&#8221;][vc_column_text css=&#8221;&#8221; el_class=&#8221;pagebrk&#8221;]\n<h3 style=\"text-align: left;\"><a href=\"https:\/\/www.plm.ba\/en\/repertoire\/the-boy-who-dreamed-of-the-sea\/\">The Boy Who Dreamed of the Sea<\/a><\/h3>\n<hr \/>\n<p>\u201cThe Boy Who Dreamed of the Sea\u201d is a fairytale character &#8211; theater piece for children, but rooted in the real story of one boy\u2019s loneliness and his desire to see the sea.[\/vc_column_text][vc_btn title=&#8221;More&#8221; link=&#8221;url:https%3A%2F%2Fwww.plm.ba%2Fen%2Frepertoire%2Fthe-boy-who-dreamed-of-the-sea%2F|title:On%20Tenderness|target:%20_blank|&#8221; el_class=&#8221;.button&#8221;][\/vc_column_inner][\/vc_row_inner][\/vc_column][vc_column width=&#8221;1\/3&#8243;][vc_row_inner gap=&#8221;10&#8243;][vc_column_inner][vc_single_image image=&#8221;3613&#8243; img_size=&#8221;large&#8221; style=&#8221;xtd-shadow&#8211;normal-hard&#8221; onclick=&#8221;custom_link&#8221; css_animation=&#8221;bounceIn&#8221; link=&#8221;https:\/\/www.plm.ba\/en\/repertoire\/on-tenderness\/&#8221;][vc_column_text css=&#8221;&#8221; el_class=&#8221;pagebrk&#8221;]\n<h3 style=\"text-align: left;\"><a href=\"https:\/\/www.plm.ba\/en\/repertoire\/on-tenderness\/\">On Tenderness<\/a><\/h3>\n<hr \/>\n<p>&#8220;On Tenderness&#8221; is a blend of scenes from life seen from an angle that has no ambition to make judgments about anyone or anything. These are everyday situations full of &#8220;big and small&#8221; conflicts and contradictions of a humorous and poetic nature.[\/vc_column_text][vc_btn title=&#8221;More&#8221; link=&#8221;url:https%3A%2F%2Fwww.plm.ba%2Fen%2Frepertoire%2Fon-tenderness%2F|title:On%20Tenderness||&#8221; el_class=&#8221;.button&#8221;][\/vc_column_inner][\/vc_row_inner][\/vc_column][\/vc_row][vc_row el_class=&#8221;paddingrow&#8221;][vc_column width=&#8221;1\/3&#8243; el_class=&#8221;paddingrow&#8221;][vc_single_image image=&#8221;3325&#8243; img_size=&#8221;large&#8221; style=&#8221;xtd-shadow&#8211;normal-hard&#8221; onclick=&#8221;custom_link&#8221; link=&#8221;https:\/\/www.plm.ba\/en\/repertoire\/full-steam-ahead\/&#8221;][vc_column_text el_class=&#8221;pagebrk&#8221;]\n<h3 style=\"text-align: left;\">Fairy Tale of Lost Time<\/h3>\n<hr \/>\n<p><em>This somewhat fantastic and enigmatic play was inspired by the eponymous fairy tale written by the Russian writer, Eugene Schwartz (Eugene Schwartz). Today, the story serves to remind us of the mortality of every individual, and of a very short amount of time we have on disposal to live in a way our heart craves or in a way the substance of which we are woven tells us.<\/em>[\/vc_column_text][vc_btn title=&#8221;More&#8221; link=&#8221;url:https%3A%2F%2Fwww.plm.ba%2Fen%2Frepertoire%2Ffairy-tale-of-lost-time%2F|title:Fairy%20Tale%20of%20Lost%20Time||&#8221; el_class=&#8221;.button&#8221;][\/vc_column][vc_column width=&#8221;1\/3&#8243; el_class=&#8221;paddingrow&#8221;][vc_single_image image=&#8221;2819&#8243; img_size=&#8221;large&#8221; style=&#8221;xtd-shadow&#8211;normal-hard&#8221; onclick=&#8221;custom_link&#8221; link=&#8221;https:\/\/www.plm.ba\/en\/repertoire\/full-steam-ahead\/&#8221;][vc_column_text el_class=&#8221;pagebrk&#8221;]\n<h3 style=\"text-align: left;\">Full Steam Ahead!<\/h3>\n<hr \/>\n<p style=\"text-align: left;\">\u201cFull Steam Ahead!\u201c is a story about pirates who have only two choices \u2013 friendship or betrayal. A boat called \u201cBlack Arrow\u201c sails the seas courageously and fearlessly. Its pirates are strong, determined and loyal to each other. Everything goes well until the day the Captain rescues a seagull from the storm, calls it Marina and takes her to boat with him&#8230;<\/p>\n[\/vc_column_text][vc_btn title=&#8221;More&#8221; link=&#8221;url:https%3A%2F%2Fwww.plm.ba%2Fen%2Frepertoire%2Ffull-steam-ahead%2F|||&#8221; el_class=&#8221;.button&#8221;][\/vc_column][vc_column width=&#8221;1\/3&#8243; el_class=&#8221;paddingrow&#8221;][vc_single_image image=&#8221;2619&#8243; img_size=&#8221;large&#8221; style=&#8221;xtd-shadow&#8211;normal-hard&#8221; onclick=&#8221;custom_link&#8221; link=&#8221;https:\/\/www.plm.ba\/en\/repertoire\/the-prince-on-my-street\/&#8221;][vc_column_text el_class=&#8221;pagebrk&#8221;]\n<h3 style=\"text-align: left;\">The Prince on My Street<\/h3>\n<hr \/>\n<p style=\"text-align: left;\">The play &#8220;The Prince on My Street&#8221; raises many questions, but has no power to offer the final answers. It tries to teach children about justice and standing by all those helpless and unprotected kids who can&#8217;t defend themselves. Those kids need to defend themselves from the young bullies&#8230;<\/p>\n[\/vc_column_text][vc_btn title=&#8221;More&#8221; link=&#8221;url:http%3A%2F%2Fwww.plm.ba%2Fen%2Frepertoire%2Fthe-prince-on-my-street%2F|||&#8221; el_class=&#8221;.button&#8221;][\/vc_column][\/vc_row][vc_row el_class=&#8221;paddingrow&#8221;][vc_column width=&#8221;1\/3&#8243; el_class=&#8221;paddingrow&#8221;][vc_single_image image=&#8221;2588&#8243; img_size=&#8221;large&#8221; style=&#8221;xtd-shadow&#8211;normal-hard&#8221; onclick=&#8221;custom_link&#8221; link=&#8221;https:\/\/www.plm.ba\/en\/repertoire\/the-beauty-and-the-beast\/&#8221;][vc_column_text el_class=&#8221;.pagebrk&#8221;]\n<h3 style=\"text-align: left;\">The Beauty and the Beast<\/h3>\n<hr \/>\n<p style=\"text-align: left;\">Let&#8217;s suppose there exists a magic mirror in which we can see the reflection of a human soul. The mirror would show the Beauty or the Beast depending on the soul of the person that is reflected. This fairy tale, written by Madame de Villeneuve more than 250 years ago&#8230;<\/p>\n[\/vc_column_text][vc_btn title=&#8221;More&#8221; link=&#8221;url:https%3A%2F%2Fwww.plm.ba%2Fen%2Frepertoire%2Fthe-beauty-and-the-beast%2F|||&#8221; el_class=&#8221;.button&#8221;][\/vc_column][vc_column width=&#8221;1\/3&#8243; el_class=&#8221;paddingrow&#8221;][vc_single_image image=&#8221;2451&#8243; img_size=&#8221;large&#8221; style=&#8221;xtd-shadow&#8211;normal-hard&#8221; onclick=&#8221;custom_link&#8221; link=&#8221;https:\/\/www.plm.ba\/en\/repertoire\/heart-of-ice\/&#8221;][vc_column_text el_class=&#8221;pagebrk&#8221;]\n<h3 style=\"text-align: left;\">Heart of Ice<\/h3>\n<hr \/>\n<p style=\"text-align: left;\">This is a life story of the poor charcoal worker Peter Munk who sells his soul to the devil. It is a saga of the rise and fall of a man, and a parable of temptation, sin and repentance. It offers a philosophical story of choosing a life path and sustaining&#8230;<\/p>\n[\/vc_column_text][vc_btn title=&#8221;More&#8221; link=&#8221;url:https%3A%2F%2Fwww.plm.ba%2Fen%2Frepertoire%2Fheart-of-ice%2F|||&#8221; el_class=&#8221;.button&#8221;][\/vc_column][vc_column width=&#8221;1\/3&#8243; el_class=&#8221;paddingrow&#8221;][vc_single_image image=&#8221;2590&#8243; img_size=&#8221;large&#8221; style=&#8221;xtd-shadow&#8211;normal-hard&#8221; onclick=&#8221;custom_link&#8221; el_class=&#8221;.pagebrk&#8221; link=&#8221;https:\/\/www.plm.ba\/en\/repertoire\/the-ugly-duckling\/&#8221;][vc_column_text el_class=&#8221;.pagebrk&#8221;]\n<h3 style=\"text-align: left;\">The Ugly Duckling<\/h3>\n<hr \/>\n<p style=\"text-align: left;\">Hans Christian Andersen&#8217;s \u201cThe Ugly Duckling\u201c is one of the most popular children&#8217;s tales of all time. The story of an unaccepted duckling who, due to his peculiar appearance, is avoided by his brothers, neighbours, the whole duck village and&#8230;<\/p>\n[\/vc_column_text][vc_btn title=&#8221;More&#8221; link=&#8221;url:https%3A%2F%2Fwww.plm.ba%2Fen%2Frepertoire%2Fthe-ugly-duckling%2F|||&#8221;][\/vc_column][\/vc_row][vc_row el_class=&#8221;paddingrow&#8221;][vc_column width=&#8221;1\/3&#8243; el_class=&#8221;paddingrow&#8221;][vc_single_image image=&#8221;2624&#8243; img_size=&#8221;large&#8221; style=&#8221;xtd-shadow&#8211;normal-hard&#8221; onclick=&#8221;custom_link&#8221; el_class=&#8221;.pagebrk&#8221; link=&#8221;https:\/\/www.plm.ba\/en\/repertoire\/snow-white\/&#8221;][vc_column_text el_class=&#8221;.pagebrk&#8221;]\n<h3 style=\"text-align: left;\">Snow White<\/h3>\n<hr \/>\n<p style=\"text-align: left;\">People often think they know it all and can do it all. But there comes a moment when all of us &#8211; both children and adults \u2013 need to answer a very important question: are we good or bad? Can we always really see what we see in the mirror&#8230;<\/p>\n[\/vc_column_text][vc_btn title=&#8221;More&#8221; link=&#8221;url:https%3A%2F%2Fwww.plm.ba%2Fen%2Frepertoire%2Fsnow-white%2F|||&#8221;][\/vc_column][vc_column width=&#8221;1\/3&#8243; el_class=&#8221;paddingrow&#8221;][vc_single_image image=&#8221;2592&#8243; img_size=&#8221;large&#8221; style=&#8221;xtd-shadow&#8211;normal-hard&#8221; onclick=&#8221;custom_link&#8221; el_class=&#8221;.pagebrk&#8221; link=&#8221;https:\/\/www.plm.ba\/en\/repertoire\/a-forest-at-the-end-of-the-world\/&#8221;][vc_column_text el_class=&#8221;.pagebrk&#8221;]\n<h3 style=\"text-align: left;\">A Forest at the End of the World<\/h3>\n<hr \/>\n<p style=\"text-align: left;\">The play strongly advocates for the preservation of nature and the balance between humans and environment. The ecological awareness shows to children that nature around them is their best friend and that they are obliged to live in accordance and harmony&#8230;<\/p>\n[\/vc_column_text][vc_btn title=&#8221;More&#8221; link=&#8221;url:https%3A%2F%2Fwww.plm.ba%2Fen%2Frepertoire%2Fa-forest-at-the-end-of-the-world%2F|||&#8221;][\/vc_column][vc_column width=&#8221;1\/3&#8243; el_class=&#8221;paddingrow&#8221;][vc_single_image image=&#8221;2593&#8243; img_size=&#8221;large&#8221; style=&#8221;xtd-shadow&#8211;normal-hard&#8221; onclick=&#8221;custom_link&#8221; el_class=&#8221;.pagebrk&#8221; link=&#8221;https:\/\/www.plm.ba\/en\/repertoire\/pinocchio\/&#8221;][vc_column_text el_class=&#8221;.pagebrk&#8221;]\n<h3 style=\"text-align: left;\">Pinocchio<\/h3>\n<hr \/>\n<p style=\"text-align: left;\">Pinocchio represents morality and a contemporary Odyssey who is on a journey to find his own path. A good magician, just like an angel, keeps the boy safe. Based on the classical story, I made an adaptation of the text, while preserving its main&#8230;<\/p>\n[\/vc_column_text][vc_btn title=&#8221;More&#8221; link=&#8221;url:https%3A%2F%2Fwww.plm.ba%2Fen%2Frepertoire%2Fpinocchio%2F|||&#8221;][\/vc_column][\/vc_row][vc_row el_class=&#8221;paddingrow&#8221;][vc_column width=&#8221;1\/3&#8243; el_class=&#8221;paddingrow&#8221;][vc_single_image image=&#8221;2629&#8243; img_size=&#8221;large&#8221; style=&#8221;xtd-shadow&#8211;normal-hard&#8221; onclick=&#8221;custom_link&#8221; el_class=&#8221;.pagebrk&#8221; link=&#8221;https:\/\/www.plm.ba\/en\/repertoire\/the-tinder-box\/&#8221;][vc_column_text el_class=&#8221;.pagebrk&#8221;]\n<h3 style=\"text-align: left;\">The Tinder Box<\/h3>\n<hr \/>\n<p style=\"text-align: left;\">We have prepared a play on the basis of a famous and magical fairy tale \u201cThe Tinder Box\u201c written by Hans Christian Andersen. Today, probably many of you have never seen a tinder and do not know what it is for, but I will tell you. Tinder is an interesting&#8230;.<\/p>\n[\/vc_column_text][vc_btn title=&#8221;More&#8221; link=&#8221;url:https%3A%2F%2Fwww.plm.ba%2Fen%2Frepertoire%2Fthe-tinder-box%2F|||&#8221;][\/vc_column][vc_column width=&#8221;1\/3&#8243; el_class=&#8221;paddingrow&#8221;][vc_single_image image=&#8221;2594&#8243; img_size=&#8221;large&#8221; style=&#8221;xtd-shadow&#8211;normal-hard&#8221; onclick=&#8221;custom_link&#8221; el_class=&#8221;.pagebrk&#8221; link=&#8221;https:\/\/www.plm.ba\/en\/repertoire\/i-want-to-be-normal\/&#8221;][vc_column_text el_class=&#8221;.pagebrk&#8221;]\n<h3 style=\"text-align: left;\">I Want to Be Normal<\/h3>\n<hr \/>\n<p style=\"text-align: left;\">Rudolf is a bat \u2013 he has wings and can fly, but only at night. He lives in a tower with his good friend Clara, who is\u2026 a witch. One night Rudolph asks Clara to turn him into\u2026 an ordinary mouse! He gives up his wings and begins to live another life. However, will Rudolf&#8230;<\/p>\n[\/vc_column_text][vc_btn title=&#8221;More&#8221; link=&#8221;url:https%3A%2F%2Fwww.plm.ba%2Fen%2Frepertoire%2Fi-want-to-be-normal%2F|||&#8221;][\/vc_column][vc_column width=&#8221;1\/3&#8243; el_class=&#8221;paddingrow&#8221;][vc_single_image image=&#8221;2704&#8243; img_size=&#8221;large&#8221; style=&#8221;xtd-shadow&#8211;normal-hard&#8221; onclick=&#8221;custom_link&#8221; el_class=&#8221;.pagebrk&#8221; link=&#8221;https:\/\/www.plm.ba\/en\/repertoire\/a-tangled-fairy-tale\/&#8221;][vc_column_text el_class=&#8221;.pagebrk&#8221;]\n<h3 style=\"text-align: left;\">A Tangled Fairy Tale<\/h3>\n<hr \/>\n<p style=\"text-align: left;\">We were taught from and raised on fairy tales. They taught us that virtue is worthwhile, and evil is punished. They trained us to be good and righteous in search of our happiness, because only in this way we can get the right ending of our fairy tale&#8230;<\/p>\n[\/vc_column_text][vc_btn title=&#8221;More&#8221; link=&#8221;url:https%3A%2F%2Fwww.plm.ba%2Fen%2Frepertoire%2Fa-tangled-fairy-tale%2F|||&#8221;][\/vc_column][\/vc_row][vc_row el_class=&#8221;paddingrow&#8221;][vc_column width=&#8221;1\/3&#8243; el_class=&#8221;paddingrow&#8221;][vc_single_image image=&#8221;2701&#8243; img_size=&#8221;large&#8221; style=&#8221;xtd-shadow&#8211;normal-hard&#8221; onclick=&#8221;custom_link&#8221; el_class=&#8221;.pagebrk&#8221; link=&#8221;https:\/\/www.plm.ba\/en\/repertoire\/the-hedgehogs-home\/&#8221;][vc_column_text el_class=&#8221;.pagebrk&#8221;]\n<h3 style=\"text-align: left;\">The Hedgehog&#8217;s Home<\/h3>\n<hr \/>\n<p style=\"text-align: left;\">Robert Waltl created his own world of images of the wonders that were freed from the textual template of \u0106opi\u0107&#8217;s story and became independent in its own authenticity of experiencing nature. It more so transformed into its own philosophy&#8230;<\/p>\n[\/vc_column_text][vc_btn title=&#8221;More&#8221; link=&#8221;url:https%3A%2F%2Fwww.plm.ba%2Fen%2Frepertoire%2Fthe-hedgehogs-home%2F|||&#8221;][\/vc_column][vc_column width=&#8221;1\/3&#8243; el_class=&#8221;paddingrow&#8221;][vc_single_image image=&#8221;2692&#8243; img_size=&#8221;large&#8221; style=&#8221;xtd-shadow&#8211;normal-hard&#8221; onclick=&#8221;custom_link&#8221; el_class=&#8221;.pagebrk&#8221; link=&#8221;https:\/\/www.plm.ba\/en\/repertoire\/the-puss-in-jeans\/&#8221;][vc_column_text el_class=&#8221;.pagebrk&#8221;]\n<h3 style=\"text-align: left;\">The Puss in Jeans<\/h3>\n<hr \/>\n<p style=\"text-align: left;\">In one of his author plays, in \u201d The Fabulous Adventures of the Apprentice Hlapitch\u201d, Robert Waltl plays all the heroes. He dissolves the emotional encyclopaedia of Ivana Brli\u0107 Ma\u017eurani\u0107, and builds a city with a tiny shoemaker\u2019s shop, riding on its streets&#8230;<\/p>\n[\/vc_column_text][vc_btn title=&#8221;More&#8221; link=&#8221;url:https%3A%2F%2Fwww.plm.ba%2Fen%2Frepertoire%2Fthe-puss-in-jeans%2F|||&#8221;][\/vc_column][vc_column width=&#8221;1\/3&#8243; el_class=&#8221;paddingrow&#8221;][vc_single_image image=&#8221;2599&#8243; img_size=&#8221;large&#8221; style=&#8221;xtd-shadow&#8211;normal-hard&#8221; onclick=&#8221;custom_link&#8221; el_class=&#8221;.pagebrk&#8221; link=&#8221;https:\/\/www.plm.ba\/en\/repertoire\/the-robbers-story\/&#8221;][vc_column_text el_class=&#8221;.pagebrk&#8221;]\n<h3 style=\"text-align: left;\">The Robber&#8217;s Story<\/h3>\n<hr \/>\n<p style=\"text-align: left;\">Dear children, we have prepared a new puppet play for you! It&#8217;s called &#8220;The Robber&#8217;s Story&#8221;, and it is created on the basis of a fairy tale written by the great Czech writer Karel \u010capek. Don&#8217;t let the title scare you; his fairy tales are incredibly&#8230;<\/p>\n[\/vc_column_text][vc_btn title=&#8221;More&#8221; link=&#8221;url:https%3A%2F%2Fwww.plm.ba%2Fen%2Frepertoire%2Fthe-robbers-story%2F|||&#8221;][\/vc_column][\/vc_row][vc_row el_class=&#8221;paddingrow&#8221;][vc_column width=&#8221;1\/3&#8243; el_class=&#8221;paddingrow&#8221;][vc_single_image image=&#8221;2633&#8243; img_size=&#8221;large&#8221; style=&#8221;xtd-shadow&#8211;normal-hard&#8221; onclick=&#8221;custom_link&#8221; el_class=&#8221;.pagebrk&#8221; link=&#8221;https:\/\/www.plm.ba\/en\/repertoire\/the-little-muck\/&#8221;][vc_column_text el_class=&#8221;.pagebrk&#8221;]\n<h3 style=\"text-align: left;\">The Little Muck<\/h3>\n<hr \/>\n<p style=\"text-align: left;\">Dear children, we have prepared for you a new puppet play based on the famous fairy tale of Wilhelm Hauff. The Little Muck is a nice little boy. He lost his parents and their support very early in life. Now he seeks what he misses &#8211; love and warmth. Like every child&#8230;<\/p>\n[\/vc_column_text][vc_btn title=&#8221;More&#8221; link=&#8221;url:https%3A%2F%2Fwww.plm.ba%2Fen%2Frepertoire%2Fthe-little-muck%2F|||&#8221;][\/vc_column][vc_column width=&#8221;1\/3&#8243; el_class=&#8221;paddingrow&#8221;][vc_single_image image=&#8221;2601&#8243; img_size=&#8221;large&#8221; style=&#8221;xtd-shadow&#8211;normal-hard&#8221; onclick=&#8221;custom_link&#8221; el_class=&#8221;.pagebrk&#8221; link=&#8221;https:\/\/www.plm.ba\/en\/repertoire\/a-cloud-in-love\/&#8221;][vc_column_text el_class=&#8221;.pagebrk&#8221;]\n<h3 style=\"text-align: left;\">A Cloud in Love<\/h3>\n<hr \/>\n<p style=\"text-align: left;\">It was a long time ago. Many of you have not been born yet, and our respected celebrator, the Puppet Theater Mostar which is currently celebrating 50 years of existence, was only 35 years old at that time. And I was fifteen years younger. Even the world&#8230;<\/p>\n[\/vc_column_text][vc_btn title=&#8221;More&#8221; link=&#8221;url:https%3A%2F%2Fwww.plm.ba%2Fen%2Frepertoire%2Fa-cloud-in-love%2F|||&#8221;][\/vc_column][vc_column width=&#8221;1\/3&#8243; el_class=&#8221;paddingrow&#8221;][vc_single_image image=&#8221;2602&#8243; img_size=&#8221;large&#8221; style=&#8221;xtd-shadow&#8211;normal-hard&#8221; onclick=&#8221;custom_link&#8221; el_class=&#8221;.pagebrk&#8221; link=&#8221;https:\/\/www.plm.ba\/repertoar\/dvije-princeze\/&#8221;][vc_column_text el_class=&#8221;.pagebrk&#8221;]\n<h3 style=\"text-align: left;\">The Two Princesses<\/h3>\n<hr \/>\n<p style=\"text-align: left;\">We decided to prepare a wonderful English fairy tale for our youngest audience and their parents. It talks about beauty; the kind of beauty everyone needs, but which is increasingly lacking in our lives. We want to show the children&#8230;<\/p>\n[\/vc_column_text][vc_btn title=&#8221;More&#8221; link=&#8221;url:https%3A%2F%2Fwww.plm.ba%2Fen%2Frepertoire%2Fthe-two-princesses%2F|||&#8221;][\/vc_column][\/vc_row][vc_row el_class=&#8221;paddingrow&#8221;][vc_column width=&#8221;1\/3&#8243; el_class=&#8221;paddingrow&#8221;][vc_single_image image=&#8221;2617&#8243; img_size=&#8221;large&#8221; style=&#8221;xtd-shadow&#8211;normal-hard&#8221; onclick=&#8221;custom_link&#8221; el_class=&#8221;.pagebrk&#8221; link=&#8221;https:\/\/www.plm.ba\/repertoar\/macak-u-cizmama\/&#8221;][vc_column_text el_class=&#8221;.pagebrk&#8221;]\n<h3 style=\"text-align: left;\">The Puss in Boots<\/h3>\n<hr \/>\n<p style=\"text-align: left;\">Many years ago I had a chance to visit Mostar for only a few hours. Back then I thought it would be nice to spend there at least a few days to get to know it better. It seems to me that Mostar is a miraculous place because my wishes&#8230;<\/p>\n[\/vc_column_text][vc_btn title=&#8221;More&#8221; link=&#8221;url:https%3A%2F%2Fwww.plm.ba%2Fen%2Frepertoire%2Fthe-puss-in-boots%2F|||&#8221;][\/vc_column][vc_column width=&#8221;1\/3&#8243; el_class=&#8221;paddingrow&#8221;][vc_single_image image=&#8221;2735&#8243; img_size=&#8221;large&#8221; style=&#8221;xtd-shadow&#8211;normal-hard&#8221; onclick=&#8221;custom_link&#8221; el_class=&#8221;.pagebrk&#8221; link=&#8221;https:\/\/www.plm.ba\/repertoar\/patkica-blatkica\/&#8221;][vc_column_text el_class=&#8221;.pagebrk&#8221;]\n<h3 style=\"text-align: left;\">The Muddy Duck<\/h3>\n<hr \/>\n<p style=\"text-align: left;\">Stories can be read in different ways, and thus they can have different meanings. I was personally obsessed with two underlying messages of this lovely story about a playful Duck. The first message: It is perfectly clear that&#8230;<\/p>\n[\/vc_column_text][vc_btn title=&#8221;More&#8221; link=&#8221;url:https%3A%2F%2Fwww.plm.ba%2Fen%2Frepertoire%2Fthe-muddy-duck%2F|||&#8221;][\/vc_column][vc_column width=&#8221;1\/3&#8243; el_class=&#8221;paddingrow&#8221;][vc_single_image image=&#8221;2604&#8243; img_size=&#8221;large&#8221; style=&#8221;xtd-shadow&#8211;normal-hard&#8221; onclick=&#8221;custom_link&#8221; el_class=&#8221;.pagebrk&#8221; link=&#8221;https:\/\/www.plm.ba\/repertoar\/snjeguljac\/&#8221;][vc_column_text el_class=&#8221;.pagebrk&#8221;]\n<h3 style=\"text-align: left;\">Snow White Boy<\/h3>\n<hr \/>\n<p style=\"text-align: left;\">Snow White Boy is a fairy tale that is easy to enter; all it takes is to snap your fingers. However, it is difficult to get out of it, because in it the good truly beats the evil, the friendships are stronger than malice, and true unity leads&#8230;<\/p>\n[\/vc_column_text][vc_btn title=&#8221;More&#8221; link=&#8221;url:https%3A%2F%2Fwww.plm.ba%2Fen%2Frepertoire%2Fsnow-white-boy%2F|||&#8221;][\/vc_column][\/vc_row]\n<\/div>","protected":false},"excerpt":{"rendered":"<p>[vc_row gap=&#8221;10&#8243; css=&#8221;.vc_custom_1732741412319{border-top-width: 5px !important;border-right-width: 5px !important;border-bottom-width: 5px !important;border-left-width: 5px !important;border-color: #C8AD8C !important;}&#8221;][vc_column width=&#8221;1\/2&#8243;][vc_row_inner gap=&#8221;10&#8243; css=&#8221;.vc_custom_1579982503601{border-top-width: 10px !important;border-right-width: 10px !important;border-bottom-width: 10px !important;border-left-width: 10px !important;border-left-color: #c8ad8c !important;border-left-style: solid !important;border-right-color: #c8ad8c !important;border-right-style: solid !important;border-top-color: #c8ad8c !important;border-top-style: solid !important;border-bottom-color: #c8ad8c !important;border-bottom-style: solid !important;border-radius: 2px !important;}&#8221;][vc_column_inner][vc_single_image image=&#8221;7189&#8243; img_size=&#8221;large&#8221; style=&#8221;xtd-shadow&#8211;normal-hard&#8221; onclick=&#8221;custom_link&#8221; css_animation=&#8221;bounceIn&#8221; css=&#8221;&#8221; link=&#8221;https:\/\/www.plm.ba\/en\/repertoire\/city-of-lights\/&#8221;][\/vc_column_inner][\/vc_row_inner][\/vc_column][vc_column width=&#8221;1\/2&#8243;][vc_column_text css=&#8221;&#8221; el_class=&#8221;pagebrk&#8221;] City of Lights &#8220;City of Lights&#8221; tells the [&hellip;]<\/p>\n","protected":false},"author":1,"featured_media":0,"parent":0,"menu_order":0,"comment_status":"closed","ping_status":"closed","template":"","meta":{"inline_featured_image":false,"footnotes":""},"class_list":["post-3006","page","type-page","status-publish","hentry"],"_links":{"self":[{"href":"https:\/\/www.plm.ba\/en\/wp-json\/wp\/v2\/pages\/3006","targetHints":{"allow":["GET"]}}],"collection":[{"href":"https:\/\/www.plm.ba\/en\/wp-json\/wp\/v2\/pages"}],"about":[{"href":"https:\/\/www.plm.ba\/en\/wp-json\/wp\/v2\/types\/page"}],"author":[{"embeddable":true,"href":"https:\/\/www.plm.ba\/en\/wp-json\/wp\/v2\/users\/1"}],"replies":[{"embeddable":true,"href":"https:\/\/www.plm.ba\/en\/wp-json\/wp\/v2\/comments?post=3006"}],"version-history":[{"count":0,"href":"https:\/\/www.plm.ba\/en\/wp-json\/wp\/v2\/pages\/3006\/revisions"}],"wp:attachment":[{"href":"https:\/\/www.plm.ba\/en\/wp-json\/wp\/v2\/media?parent=3006"}],"curies":[{"name":"wp","href":"https:\/\/api.w.org\/{rel}","templated":true}]}}