{"id":3009,"date":"2018-08-26T21:05:11","date_gmt":"2018-08-26T19:05:11","guid":{"rendered":"https:\/\/www.plm.ba\/repertoire\/full-steam-ahead\/"},"modified":"2018-08-26T21:07:24","modified_gmt":"2018-08-26T19:07:24","slug":"full-steam-ahead","status":"publish","type":"page","link":"https:\/\/www.plm.ba\/en\/repertoire\/full-steam-ahead\/","title":{"rendered":"Full Steam Ahead!"},"content":{"rendered":"<div class=\"wpb-content-wrapper\">[vc_row][vc_column width=&#8221;2\/3&#8243;][vc_column_text]\n<h3><strong>ABOUT THE PLAY<\/strong><\/h3>\n<p>\u201cFull Steam Ahead!\u201c is a story about pirates who have only two choices \u2013 friendship or betrayal. A boat called \u201cBlack Arrow\u201c sails the seas courageously and fearlessly. Its pirates are strong, determined and loyal to each other.<\/p>\n<p>Everything goes well until the day the Captain rescues a seagull from the storm, calls it Marina and takes her to boat with him. Little by little, she starts to take over the boat and becomes the new \u201ccaptain\u201c.<\/p>\n<p>She becomes enchanted by the gold on the boat. Truly enchanted. Gold becomes her dream and the single most important thing. While being her servants, the pirates enter into an unexpected and dreadful adventure. Marina finally understands what&#8217;s more important \u2013 gold or friends?<\/p>\n<p style=\"text-align: right;\">Director: Elica Petkova<\/p>\n[\/vc_column_text][vc_separator color=&#8221;chino&#8221;][vc_column_text]\n<h4 style=\"text-align: left;\"><strong>AUTHOR TEAM<\/strong><\/h4>\n<p style=\"text-align: left;\"><strong>Director<\/strong>: Elica Petkova<br \/>\n<strong>Author<\/strong>: Teodora Popova<br \/>\n<strong>Scenography and Puppets<\/strong>: Iva Gikova i Ivaylo Nikolov<br \/>\n<strong>Translation from Bulgarian<\/strong>: Jelena \u0110or\u0111evi\u0107<br \/>\n<strong>Music<\/strong>: Atilla Aksoj<br \/>\n<strong>Tailor<\/strong>: Nadina Hubana<br \/>\n<strong>Master of Sound and Lighting<\/strong>: Amer \u0106ati\u0107<br \/>\n<strong>Stage Set Construction<\/strong>: Mirsad Bijedi\u0107 i \u0110enan Behmen<\/p>\n[\/vc_column_text][vc_column_text]\n<h4 style=\"text-align: left;\"><strong>ACTORS<\/strong><\/h4>\n<p><strong>Seagull Marina<\/strong> &#8211; Nermina Denjo<br \/>\n<strong>Old Will<\/strong> &#8211; Ned\u017ead Maksumi\u0107<br \/>\n<strong>Sergeant John and Commander<\/strong>\u00a0&#8211; Ser\u0111o Rado\u0161<br \/>\n<strong>Captain Jack<\/strong> &#8211; Igor Vida\u010dkovi\u0107[\/vc_column_text][\/vc_column][vc_column width=&#8221;1\/3&#8243;][vc_single_image image=&#8221;2172&#8243; img_size=&#8221;medium&#8221; alignment=&#8221;center&#8221; onclick=&#8221;link_image&#8221; css_animation=&#8221;bounceInLeft&#8221; curly_max_width=&#8221;540&#8243; curly_width=&#8221;540&#8243;][vc_separator color=&#8221;chino&#8221; el_width=&#8221;50&#8243;][info_banner_vc image_id=&#8221;1490&#8243;]\n<h4 style=\"text-align: center;\"><strong>PREMIERE<\/strong><\/h4>\n<h5 style=\"text-align: center;\">31.01.2018.<\/h5>\n[\/info_banner_vc][vc_separator color=&#8221;chino&#8221; el_width=&#8221;50&#8243;][vc_column_text]\n<h4 style=\"text-align: center;\"><strong>AGE<\/strong><\/h4>\n<h2 style=\"text-align: center;\"><strong>5+<\/strong><\/h2>\n[\/vc_column_text][vc_separator color=&#8221;chino&#8221; el_width=&#8221;50&#8243;][vc_column_text]\n<h4 style=\"text-align: center;\"><strong>DURATION<\/strong><\/h4>\n<h5 style=\"text-align: center;\">50 min<\/h5>\n[\/vc_column_text][\/vc_column][\/vc_row][vc_row content_placement=&#8221;middle&#8221;][vc_column][vc_images_carousel images=&#8221;2173,2174,2175,2176,2177&#8243; img_size=&#8221;large&#8221; slides_per_view=&#8221;3&#8243; hide_pagination_control=&#8221;yes&#8221; wrap=&#8221;yes&#8221;][\/vc_column][\/vc_row]\n<\/div>","protected":false},"excerpt":{"rendered":"<p>[vc_row][vc_column width=&#8221;2\/3&#8243;][vc_column_text] ABOUT THE PLAY \u201cFull Steam Ahead!\u201c is a story about pirates who have only two choices \u2013 friendship or betrayal. A boat called \u201cBlack Arrow\u201c sails the seas courageously and fearlessly. Its pirates are strong, determined and loyal to each other. Everything goes well until the day the Captain rescues a seagull from the storm, calls it Marina [&hellip;]<\/p>\n","protected":false},"author":2,"featured_media":0,"parent":3006,"menu_order":0,"comment_status":"closed","ping_status":"closed","template":"","meta":{"inline_featured_image":false,"footnotes":""},"class_list":["post-3009","page","type-page","status-publish","hentry"],"_links":{"self":[{"href":"https:\/\/www.plm.ba\/en\/wp-json\/wp\/v2\/pages\/3009","targetHints":{"allow":["GET"]}}],"collection":[{"href":"https:\/\/www.plm.ba\/en\/wp-json\/wp\/v2\/pages"}],"about":[{"href":"https:\/\/www.plm.ba\/en\/wp-json\/wp\/v2\/types\/page"}],"author":[{"embeddable":true,"href":"https:\/\/www.plm.ba\/en\/wp-json\/wp\/v2\/users\/2"}],"replies":[{"embeddable":true,"href":"https:\/\/www.plm.ba\/en\/wp-json\/wp\/v2\/comments?post=3009"}],"version-history":[{"count":0,"href":"https:\/\/www.plm.ba\/en\/wp-json\/wp\/v2\/pages\/3009\/revisions"}],"up":[{"embeddable":true,"href":"https:\/\/www.plm.ba\/en\/wp-json\/wp\/v2\/pages\/3006"}],"wp:attachment":[{"href":"https:\/\/www.plm.ba\/en\/wp-json\/wp\/v2\/media?parent=3009"}],"curies":[{"name":"wp","href":"https:\/\/api.w.org\/{rel}","templated":true}]}}