{"id":3015,"date":"2018-08-27T01:03:53","date_gmt":"2018-08-26T23:03:53","guid":{"rendered":"https:\/\/www.plm.ba\/repertoire\/the-prince-on-my-street\/"},"modified":"2018-08-27T01:06:16","modified_gmt":"2018-08-26T23:06:16","slug":"the-prince-on-my-street","status":"publish","type":"page","link":"https:\/\/www.plm.ba\/en\/repertoire\/the-prince-on-my-street\/","title":{"rendered":"The Prince on My Street"},"content":{"rendered":"<div class=\"wpb-content-wrapper\">[vc_row][vc_column width=&#8221;2\/3&#8243;][vc_column_text]\n<h3><strong>ABOUT THE PLAY<\/strong><\/h3>\n<p style=\"text-align: justify;\">The play &#8220;The Prince on My Street&#8221; raises many questions, but has no power to offer the final answers. It tries to teach children about justice and standing by all those helpless and unprotected kids who can&#8217;t defend themselves. Those kids need to defend themselves from the young bullies, or their insensitive peers who think they are better and more important than the rest. Or it is perhaps their parents who raise them to think of themselves like that.<\/p>\n[\/vc_column_text][vc_separator color=&#8221;chino&#8221;][vc_column_text]\n<h4 style=\"text-align: left;\"><strong>AUTHOR TEAM<\/strong><\/h4>\n<p style=\"text-align: left;\">Director: Ned\u017ead Maksumi\u0107<br \/>\n<span class=\"text_exposed_show\">Scenography, Costume and Puppet Design, Poster Design: Ivana Radi\u0107<br \/>\nMusic: Atilla Aksoj<br \/>\nBoy&#8217;s Voice: Jan David Vida\u010dkovi\u0107<br \/>\nChildren Choir: Asja Zara Aksoj, Jan David Vidas\u010dkovi\u0107 i Korana Maksumi\u0107<\/span><\/p>\n[\/vc_column_text][vc_column_text]\n<h4 style=\"text-align: left;\"><strong>ACTORS<\/strong><\/h4>\n<p style=\"text-align: left;\">Nermina Denjo<\/p>\n<p style=\"text-align: left;\">Diana Ondelj<\/p>\n<p style=\"text-align: left;\">Maksumi\u0107<\/p>\n<p style=\"text-align: left;\">Ser\u0111o Rado\u0161<\/p>\n<p style=\"text-align: left;\">Igor Vida\u010dkovi\u0107<\/p>\n<p style=\"text-align: left;\">Ned\u017ead Maksumi\u0107<\/p>\n[\/vc_column_text][\/vc_column][vc_column width=&#8221;1\/3&#8243;][vc_single_image image=&#8221;1762&#8243; img_size=&#8221;medium&#8221; alignment=&#8221;center&#8221; onclick=&#8221;link_image&#8221; css_animation=&#8221;bounceInLeft&#8221; curly_max_width=&#8221;540&#8243; curly_width=&#8221;540&#8243;][vc_separator color=&#8221;chino&#8221; el_width=&#8221;50&#8243;][info_banner_vc image_id=&#8221;1490&#8243;]\n<h4 style=\"text-align: center;\"><strong>PREMIERE<\/strong><\/h4>\n<h5 style=\"text-align: center;\">08.07.2016.<\/h5>\n[\/info_banner_vc][vc_separator color=&#8221;chino&#8221; el_width=&#8221;50&#8243;][vc_column_text]\n<h4 style=\"text-align: center;\"><strong>AGE<\/strong><\/h4>\n<h2 style=\"text-align: center;\"><strong>6+<\/strong><\/h2>\n[\/vc_column_text][\/vc_column][\/vc_row][vc_row content_placement=&#8221;middle&#8221;][vc_column][vc_images_carousel images=&#8221;1771,1772,1773,1774,1775,1776,1777,1778,1779,1780&#8243; img_size=&#8221;large&#8221; slides_per_view=&#8221;3&#8243; hide_pagination_control=&#8221;yes&#8221; wrap=&#8221;yes&#8221;][\/vc_column][\/vc_row]\n<\/div>","protected":false},"excerpt":{"rendered":"<p>[vc_row][vc_column width=&#8221;2\/3&#8243;][vc_column_text] ABOUT THE PLAY The play &#8220;The Prince on My Street&#8221; raises many questions, but has no power to offer the final answers. It tries to teach children about justice and standing by all those helpless and unprotected kids who can&#8217;t defend themselves. Those kids need to defend themselves from the young bullies, or their insensitive peers who think [&hellip;]<\/p>\n","protected":false},"author":2,"featured_media":0,"parent":3006,"menu_order":0,"comment_status":"closed","ping_status":"closed","template":"","meta":{"inline_featured_image":false,"footnotes":""},"class_list":["post-3015","page","type-page","status-publish","hentry"],"_links":{"self":[{"href":"https:\/\/www.plm.ba\/en\/wp-json\/wp\/v2\/pages\/3015","targetHints":{"allow":["GET"]}}],"collection":[{"href":"https:\/\/www.plm.ba\/en\/wp-json\/wp\/v2\/pages"}],"about":[{"href":"https:\/\/www.plm.ba\/en\/wp-json\/wp\/v2\/types\/page"}],"author":[{"embeddable":true,"href":"https:\/\/www.plm.ba\/en\/wp-json\/wp\/v2\/users\/2"}],"replies":[{"embeddable":true,"href":"https:\/\/www.plm.ba\/en\/wp-json\/wp\/v2\/comments?post=3015"}],"version-history":[{"count":0,"href":"https:\/\/www.plm.ba\/en\/wp-json\/wp\/v2\/pages\/3015\/revisions"}],"up":[{"embeddable":true,"href":"https:\/\/www.plm.ba\/en\/wp-json\/wp\/v2\/pages\/3006"}],"wp:attachment":[{"href":"https:\/\/www.plm.ba\/en\/wp-json\/wp\/v2\/media?parent=3015"}],"curies":[{"name":"wp","href":"https:\/\/api.w.org\/{rel}","templated":true}]}}