{"id":3024,"date":"2018-08-27T01:52:07","date_gmt":"2018-08-26T23:52:07","guid":{"rendered":"https:\/\/www.plm.ba\/repertoire\/the-beauty-and-the-beast\/"},"modified":"2018-08-27T01:56:57","modified_gmt":"2018-08-26T23:56:57","slug":"the-beauty-and-the-beast","status":"publish","type":"page","link":"https:\/\/www.plm.ba\/en\/repertoire\/the-beauty-and-the-beast\/","title":{"rendered":"The Beauty and the Beast"},"content":{"rendered":"<div class=\"wpb-content-wrapper\">[vc_row][vc_column width=&#8221;2\/3&#8243;][vc_column_text]\n<h3><strong>ABOUT THE PLAY<\/strong><\/h3>\n<p style=\"text-align: justify;\">Let&#8217;s suppose there exists a magic mirror in which we can see the reflection of a human soul. The mirror would show the Beauty or the Beast depending on the soul of the person that is reflected. This fairy tale, written by Madame de Villeneuve more than 250 years ago, speaks of transformative love that shakes and changes life, both of those who love and those who need to be loved. It&#8217;s a fairy tale about the dual nature of humans. All of us, at some point in our lives, become torn apart by contradictions, and then we need love, support, and trust. The fairy tale tells us that each of us is entitled to happiness. But, in order to be happy, one must follow his\/her dreams to make a turning point in one&#8217;s life, even though at first it might seem as a dangerous, risky and absurd decision. &#8220;The Beauty and the Beast&#8221; is a fairy tale about the need and desire of every human soul to be happy. The true beauty is within humans; it is contained in the incredible beauty that lies in one&#8217;s soul.<\/p>\n<p style=\"text-align: right;\"><em>Director: Todor Valov<\/em><\/p>\n[\/vc_column_text][vc_separator color=&#8221;chino&#8221;][vc_column_text]\n<h4 style=\"text-align: left;\"><strong>AUTHOR TEAM<\/strong><\/h4>\n<p style=\"text-align: left;\">Director: Todor Valov<br \/>\nDramatic Adaptation: Teodora Popova<br \/>\nTranslation from Bulgarian: Milica Red\u017ei\u0107 Vulevi\u0107<br \/>\nSong and Text Adaptation: Ned\u017ead Maksumi\u0107<br \/>\nScenography and Puppets: Stefka Kjuvlieva<br \/>\nMusic: Atila Aksoj<br \/>\nPuppet Design: Petar \u010cekurov, Elena Conkova, Nina Stamova, Anelia Sadovska i Ganka Kirilova<br \/>\nScenography Design: Rumen Benkovski<br \/>\nPoster and Promotional Material: \u017deljko Koren<br \/>\nMaster of Sound and Lighting: Amer \u0106ati\u0107<\/p>\n[\/vc_column_text][vc_column_text]\n<h4 style=\"text-align: left;\"><strong>ACTORS<\/strong><\/h4>\n<p style=\"text-align: left;\">Madame de Beaumont and Beatrice: Diana Ondelj \u2013 Maksumi\u0107<br \/>\nBelle: Nermina Denjo<br \/>\nFather: Ned\u017ead Maksumi\u0107<br \/>\nThe Beast and the Prince: Igor Vida\u010dkovi\u0107 and Ser\u0111o Rado\u0161<\/p>\n[\/vc_column_text][\/vc_column][vc_column width=&#8221;1\/3&#8243;][vc_single_image image=&#8221;1783&#8243; img_size=&#8221;medium&#8221; alignment=&#8221;center&#8221; onclick=&#8221;link_image&#8221; css_animation=&#8221;bounceInLeft&#8221; curly_max_width=&#8221;540&#8243; curly_width=&#8221;540&#8243;][vc_separator color=&#8221;chino&#8221; el_width=&#8221;50&#8243;][info_banner_vc image_id=&#8221;1490&#8243;]\n<h4 style=\"text-align: center;\"><strong>PREMIERE<\/strong><\/h4>\n<h5 style=\"text-align: center;\">June 19, 2015<\/h5>\n[\/info_banner_vc][vc_separator color=&#8221;chino&#8221; el_width=&#8221;50&#8243;][vc_column_text]\n<h4 style=\"text-align: center;\"><strong>AGE<\/strong><\/h4>\n<h2 style=\"text-align: center;\"><strong>6+<\/strong><\/h2>\n[\/vc_column_text][\/vc_column][\/vc_row][vc_row content_placement=&#8221;middle&#8221;][vc_column][vc_images_carousel images=&#8221;1789,1790,1791&#8243; img_size=&#8221;large&#8221; slides_per_view=&#8221;3&#8243; hide_pagination_control=&#8221;yes&#8221; wrap=&#8221;yes&#8221;][\/vc_column][\/vc_row]\n<\/div>","protected":false},"excerpt":{"rendered":"<p>[vc_row][vc_column width=&#8221;2\/3&#8243;][vc_column_text] ABOUT THE PLAY Let&#8217;s suppose there exists a magic mirror in which we can see the reflection of a human soul. The mirror would show the Beauty or the Beast depending on the soul of the person that is reflected. This fairy tale, written by Madame de Villeneuve more than 250 years ago, speaks of transformative love that [&hellip;]<\/p>\n","protected":false},"author":2,"featured_media":0,"parent":3006,"menu_order":0,"comment_status":"closed","ping_status":"closed","template":"","meta":{"inline_featured_image":false,"footnotes":""},"class_list":["post-3024","page","type-page","status-publish","hentry"],"_links":{"self":[{"href":"https:\/\/www.plm.ba\/en\/wp-json\/wp\/v2\/pages\/3024","targetHints":{"allow":["GET"]}}],"collection":[{"href":"https:\/\/www.plm.ba\/en\/wp-json\/wp\/v2\/pages"}],"about":[{"href":"https:\/\/www.plm.ba\/en\/wp-json\/wp\/v2\/types\/page"}],"author":[{"embeddable":true,"href":"https:\/\/www.plm.ba\/en\/wp-json\/wp\/v2\/users\/2"}],"replies":[{"embeddable":true,"href":"https:\/\/www.plm.ba\/en\/wp-json\/wp\/v2\/comments?post=3024"}],"version-history":[{"count":0,"href":"https:\/\/www.plm.ba\/en\/wp-json\/wp\/v2\/pages\/3024\/revisions"}],"up":[{"embeddable":true,"href":"https:\/\/www.plm.ba\/en\/wp-json\/wp\/v2\/pages\/3006"}],"wp:attachment":[{"href":"https:\/\/www.plm.ba\/en\/wp-json\/wp\/v2\/media?parent=3024"}],"curies":[{"name":"wp","href":"https:\/\/api.w.org\/{rel}","templated":true}]}}