{"id":3030,"date":"2018-08-27T02:10:43","date_gmt":"2018-08-27T00:10:43","guid":{"rendered":"https:\/\/www.plm.ba\/repertoire\/heart-of-ice\/"},"modified":"2018-08-27T02:13:31","modified_gmt":"2018-08-27T00:13:31","slug":"heart-of-ice","status":"publish","type":"page","link":"https:\/\/www.plm.ba\/en\/repertoire\/heart-of-ice\/","title":{"rendered":"Heart of Ice"},"content":{"rendered":"<div class=\"wpb-content-wrapper\">[vc_row][vc_column width=&#8221;2\/3&#8243;][vc_column_text]\n<h3><strong>ABOUT THE PLAY<\/strong><\/h3>\n<p style=\"text-align: justify;\">This is a life story of the poor charcoal worker Peter Munk who sells his soul to the devil. It is a saga of the rise and fall of a man, and a parable of temptation, sin and repentance. It offers a philosophical story of choosing a life path and sustaining human morals and spiritual values. In other words, it is a mystical melodrama about the power of love, remorse and forgiveness. In this story, the Glass Manikin and Michael the Dutch represent a fantastic allegorical image of the moral and philosophical understanding of human good and evil.<\/p>\n<p style=\"text-align: right;\"><em>Director: Todor Valov<\/em><\/p>\n[\/vc_column_text][vc_separator color=&#8221;chino&#8221;][vc_column_text]\n<h4 style=\"text-align: left;\"><strong>AUTHOR TEAM<\/strong><\/h4>\n<p style=\"text-align: left;\">Director and Dramatic Adaptation: Todor Valov<br \/>\nScenography, Puppets and Costumes: Stefka Kjuvlieva<br \/>\nMusic and Music Adaptation: Plamen Mir\u010dev \u2013 Mirona<br \/>\nTranslation from Bulgarian: Milica Red\u017ei\u0107 Vulevi\u0107<br \/>\nPuppet Design: Petar \u010cekurov, Dimitar Dimitrov, Milen Avramov, Anelia Sadovska i Ganka Kirilova<br \/>\nScenography Design: Rumen Benkovski, Janislav Bukovski i Diana Todorova<br \/>\nStudio Recording: Atilla Aksoj<br \/>\nPoster and Promotional Material: Maja Rubini\u0107<br \/>\nMaster of Sound and Lighting: Amer \u0106ati\u0107<br \/>\nCostume Tailor: Mensur Kazazi\u0107<\/p>\n[\/vc_column_text][vc_column_text]\n<h4 style=\"text-align: left;\"><strong>ACTORS<\/strong><\/h4>\n<p style=\"text-align: left;\">Peter Munk: Igor Vida\u010dkovi\u0107<br \/>\nGlass Manikin\/Squirrel, Fat Ezekiel, Greta: Ned\u017ead Maksumi\u0107<br \/>\nMichael the Dutch and Long Slurker: Ser\u0111o Rado\u0161<br \/>\nLittle Peter Munk and Lizabeth: Diana Ondelj \u2013 Maksumi\u0107<br \/>\nBarbara Munk and King of Dance: Nermina Denjo<\/p>\n[\/vc_column_text][\/vc_column][vc_column width=&#8221;1\/3&#8243;][vc_single_image image=&#8221;1793&#8243; img_size=&#8221;medium&#8221; alignment=&#8221;center&#8221; onclick=&#8221;link_image&#8221; css_animation=&#8221;bounceInLeft&#8221; curly_max_width=&#8221;540&#8243; curly_width=&#8221;540&#8243;][vc_separator color=&#8221;chino&#8221; el_width=&#8221;50&#8243;][info_banner_vc image_id=&#8221;1490&#8243;]\n<h4 style=\"text-align: center;\"><strong>PREMIERE<\/strong><\/h4>\n<h5 style=\"text-align: center;\">July 03, 2014<\/h5>\n[\/info_banner_vc][vc_separator color=&#8221;chino&#8221; el_width=&#8221;50&#8243;][vc_column_text]\n<h4 style=\"text-align: center;\"><strong>AGE<\/strong><\/h4>\n<h2 style=\"text-align: center;\"><strong>6+<\/strong><\/h2>\n[\/vc_column_text][\/vc_column][\/vc_row][vc_row content_placement=&#8221;middle&#8221;][vc_column][vc_images_carousel images=&#8221;1795,1796,1797,1798,1799&#8243; img_size=&#8221;large&#8221; slides_per_view=&#8221;3&#8243; hide_pagination_control=&#8221;yes&#8221; wrap=&#8221;yes&#8221;][\/vc_column][\/vc_row]\n<\/div>","protected":false},"excerpt":{"rendered":"<p>[vc_row][vc_column width=&#8221;2\/3&#8243;][vc_column_text] ABOUT THE PLAY This is a life story of the poor charcoal worker Peter Munk who sells his soul to the devil. It is a saga of the rise and fall of a man, and a parable of temptation, sin and repentance. It offers a philosophical story of choosing a life path and sustaining human morals and spiritual [&hellip;]<\/p>\n","protected":false},"author":2,"featured_media":0,"parent":3006,"menu_order":0,"comment_status":"closed","ping_status":"closed","template":"","meta":{"inline_featured_image":false,"footnotes":""},"class_list":["post-3030","page","type-page","status-publish","hentry"],"_links":{"self":[{"href":"https:\/\/www.plm.ba\/en\/wp-json\/wp\/v2\/pages\/3030","targetHints":{"allow":["GET"]}}],"collection":[{"href":"https:\/\/www.plm.ba\/en\/wp-json\/wp\/v2\/pages"}],"about":[{"href":"https:\/\/www.plm.ba\/en\/wp-json\/wp\/v2\/types\/page"}],"author":[{"embeddable":true,"href":"https:\/\/www.plm.ba\/en\/wp-json\/wp\/v2\/users\/2"}],"replies":[{"embeddable":true,"href":"https:\/\/www.plm.ba\/en\/wp-json\/wp\/v2\/comments?post=3030"}],"version-history":[{"count":0,"href":"https:\/\/www.plm.ba\/en\/wp-json\/wp\/v2\/pages\/3030\/revisions"}],"up":[{"embeddable":true,"href":"https:\/\/www.plm.ba\/en\/wp-json\/wp\/v2\/pages\/3006"}],"wp:attachment":[{"href":"https:\/\/www.plm.ba\/en\/wp-json\/wp\/v2\/media?parent=3030"}],"curies":[{"name":"wp","href":"https:\/\/api.w.org\/{rel}","templated":true}]}}