{"id":3065,"date":"2018-08-27T05:01:46","date_gmt":"2018-08-27T03:01:46","guid":{"rendered":"https:\/\/www.plm.ba\/repertoire\/i-want-to-be-normal\/"},"modified":"2018-08-27T05:05:48","modified_gmt":"2018-08-27T03:05:48","slug":"i-want-to-be-normal","status":"publish","type":"page","link":"https:\/\/www.plm.ba\/en\/repertoire\/i-want-to-be-normal\/","title":{"rendered":"I Want to Be Normal"},"content":{"rendered":"<div class=\"wpb-content-wrapper\">[vc_row][vc_column width=&#8221;2\/3&#8243;][vc_column_text]\n<h3><strong>ABOUT THE PLAY<\/strong><\/h3>\n<p style=\"text-align: justify;\">Rudolf is a bat \u2013 he has wings and can fly, but only at night. He lives in a tower with his good friend Clara, who is&#8230; a witch. One night Rudolph asks Clara to turn him into&#8230; an ordinary mouse! He gives up his wings and begins to live another life. However, will Rudolf be able to find what he sought among the people and ordinary mice?<br \/>\n&#8220;I Want to Be Normal&#8221; is a romantic story of a human&#8217;s eternal search for happiness. For someone, happiness is to have enough food and a home, for someone else it is to be free, or to feel loved, and yet for others happiness is to have friends and to help those who need help. Being normal does not mean to be like the rest. It&#8217;s normal to feel happy. Happiness has many faces, and it can only be felt with the heart!<br \/>\nDear little and a bit bigger guests, this story is funny, but it is also a little sad. It talks about the road that we all need to go in order to find our place in the world. That&#8217;s what Rudolf is doing while searching for happiness. In this fairy tale you will see how people look in the eyes of mice, but also what is the difference between rats and mice. We hope you will notice that many heroes of our fairy tale look exactly like people!<\/p>\n<p style=\"text-align: right;\">Todor Valov, Director<\/p>\n[\/vc_column_text][vc_separator color=&#8221;chino&#8221;][vc_column_text]\n<h4 style=\"text-align: left;\"><strong>AUTHOR TEAM<\/strong><\/h4>\n<p style=\"text-align: left;\">Director: Todor Valov<br \/>\nTranslation from Bulgarian: Milica Red\u017ei\u0107 Vulevi\u0107<br \/>\nScenography, Puppets and Costumes: Emelijana Toteva<br \/>\nScene Assistance: Kasim Prguda<br \/>\nPuppet Construction: Petar \u010cekurov, Emilija Kova\u010deva, Ava Kova\u010deva, Nikolina Staneva and Evgenija La\u010deva<br \/>\nScenography Construction: Sava Stoimenov, An\u0111elo Andonov and Mirsad Bijedi\u0107<br \/>\nMusic: Plamen Mir\u010dev Mirona<br \/>\nMaster of Sound and Lighting: Amer \u0106ati\u0107<br \/>\nCostume Tailor: Mensur Kazazi\u0107<\/p>\n[\/vc_column_text][vc_column_text]\n<h4 style=\"text-align: left;\"><strong>ACTORS<\/strong><\/h4>\n<p style=\"text-align: left;\">Ned\u017ead Maksumi\u0107 \u2013 The Bat Rudolf<br \/>\nDiana Ondelj Maksumi\u0107 \u2013 The Witch Clara, The Woman<br \/>\nNermina Denjo \u2013 The Rat Franz, The Mouse Greta, The Woman<br \/>\nSer\u0111o Rado\u0161 \u2013 The Rat Fritz, The Cat Sigfried, The Ghost<\/p>\n[\/vc_column_text][vc_separator color=&#8221;chino&#8221;][vc_column_text]\n<h4 style=\"text-align: justify;\"><strong>PLAY REVIEW<\/strong><\/h4>\n<p style=\"text-align: justify;\">The play \u201cI Want to Be Normal\u201c, realized in copperation with Bulgarian artists, places on the stage a core problem of renouncing one&#8217;s identity and being someone else due to belief that the transition to another personality would provide a better possibility for self-assertion, wider expansion of life power and reaching the upper social levels and higher self-esteem. The twist somewhat resembles a fairytale: the Bat (Rudolf) wants to become a real mouse. A witch who lives in her vicious castle has the power of transforming beings from their natural state to the state of the Other. So, the Bat becomes a real mouse and encounters a completely different life experience which he can not survive and thus lives in constant misunderstanding with the environment. And when he becomes fed up with all that, he again addresses his friend, the Witch, and ask her to return him to the original state. The lessen is obvious, however it is acquired not by empty and dull advising, but by personal temptations and new experiences: one should remain faithful to oneself, and find the strength for one&#8217;s own life self-assertion within the framework of one&#8217;s own being. In the setting of this drama, the director Todor Valov did not seek to make this cognitive layer a primary goal of his setting; he was interested in the truth of the main character&#8217;s disorientation while being in the alien space of temptation, and the comic aspect that was freed from such unusual situations.<\/p>\n<p style=\"text-align: justify;\">The main character, The Bat Rudolf, was interpreted by Ned\u017ead Maksumi\u0107. Perhaps this actor was dealing with a special temptation: he has constantly been on the verge to use his intellectual potential to escape from the director&#8217;s postulates and to wander into the space of more complex meanings and the deeper values \u200b\u200bof theatrical speech. Therefore, we were under the impression that there was a certain restraint in his play; he did not attempt to hide the comic circles but he shaped them to the extent that was enough for the other actors of the play to enter into these twists. In accordance with this intent, Diana Ondelj Maksumi\u0107 sought in her heroes &#8211; the Witch Clara and the Woman &#8211; the lyrical spirit that enabled the comedy of the twist to be freed from the constructive aspect on which the director Valov insisted, thus making the situations light and airy, which will enable this play to live long enough on the stage of this theater. Between these two aspects of play organization by Ned\u017ead Maksumi\u0107 and Diana Ondelj Maksumi\u0107, Nermina Denjo built in her own play with her triple engagement \u2013 she interpreted the Rat Franz, the Mouse Greta and the Woman \u2013 as well as Ser\u0111o Rado\u0161, who, alternatively with Nermina Denjo, interpreted the Rat Fritz and also his own roles, the Cat Sigfried and the Ghost.<\/p>\n<p style=\"text-align: justify;\">Nevertheless, the most impressive part was the animation of puppets in the play. Each movement was well-versed and in line with the expected natural action in a given situation, but also with the mild addition of the necessary hyperbole to make the comic effect more powerful and impressive enough to find its echo in the theater. The puppets and set designs are plastic and built on stylizations that have eliminated mere coincidence and sought out the lyrical softness that is harmonized with the overall visual aspect of the performance as a whole. The costumes, however, did not possess such a form of stylization; they were highly descriptive and made it difficult to imagine the plasticity of performance that was accomplished by other means.<\/p>\n<p style=\"text-align: right;\">Vojislav Vujanovi\u0107<\/p>\n[\/vc_column_text][\/vc_column][vc_column width=&#8221;1\/3&#8243;][vc_single_image image=&#8221;1890&#8243; img_size=&#8221;medium&#8221; alignment=&#8221;center&#8221; onclick=&#8221;link_image&#8221; css_animation=&#8221;bounceInLeft&#8221; curly_max_width=&#8221;540&#8243; curly_width=&#8221;540&#8243;][vc_separator color=&#8221;chino&#8221; el_width=&#8221;50&#8243;][info_banner_vc image_id=&#8221;1490&#8243;]\n<h4 style=\"text-align: center;\"><strong>PREMIERE<\/strong><\/h4>\n<h5 style=\"text-align: center;\">October 23, 2008<\/h5>\n[\/info_banner_vc][vc_separator color=&#8221;chino&#8221; el_width=&#8221;50&#8243;][vc_column_text]\n<h4 style=\"text-align: center;\"><strong>AGE<\/strong><\/h4>\n<h2 style=\"text-align: center;\"><strong>5+<\/strong><\/h2>\n[\/vc_column_text][\/vc_column][\/vc_row][vc_row content_placement=&#8221;middle&#8221;][vc_column][vc_images_carousel images=&#8221;1892,1893,1894,1895,1896&#8243; img_size=&#8221;large&#8221; slides_per_view=&#8221;3&#8243; hide_pagination_control=&#8221;yes&#8221; wrap=&#8221;yes&#8221;][\/vc_column][\/vc_row]\n<\/div>","protected":false},"excerpt":{"rendered":"<p>[vc_row][vc_column width=&#8221;2\/3&#8243;][vc_column_text] ABOUT THE PLAY Rudolf is a bat \u2013 he has wings and can fly, but only at night. He lives in a tower with his good friend Clara, who is&#8230; a witch. One night Rudolph asks Clara to turn him into&#8230; an ordinary mouse! He gives up his wings and begins to live another life. However, will Rudolf [&hellip;]<\/p>\n","protected":false},"author":2,"featured_media":0,"parent":3006,"menu_order":0,"comment_status":"closed","ping_status":"closed","template":"","meta":{"inline_featured_image":false,"footnotes":""},"class_list":["post-3065","page","type-page","status-publish","hentry"],"_links":{"self":[{"href":"https:\/\/www.plm.ba\/en\/wp-json\/wp\/v2\/pages\/3065","targetHints":{"allow":["GET"]}}],"collection":[{"href":"https:\/\/www.plm.ba\/en\/wp-json\/wp\/v2\/pages"}],"about":[{"href":"https:\/\/www.plm.ba\/en\/wp-json\/wp\/v2\/types\/page"}],"author":[{"embeddable":true,"href":"https:\/\/www.plm.ba\/en\/wp-json\/wp\/v2\/users\/2"}],"replies":[{"embeddable":true,"href":"https:\/\/www.plm.ba\/en\/wp-json\/wp\/v2\/comments?post=3065"}],"version-history":[{"count":0,"href":"https:\/\/www.plm.ba\/en\/wp-json\/wp\/v2\/pages\/3065\/revisions"}],"up":[{"embeddable":true,"href":"https:\/\/www.plm.ba\/en\/wp-json\/wp\/v2\/pages\/3006"}],"wp:attachment":[{"href":"https:\/\/www.plm.ba\/en\/wp-json\/wp\/v2\/media?parent=3065"}],"curies":[{"name":"wp","href":"https:\/\/api.w.org\/{rel}","templated":true}]}}