{"id":3070,"date":"2018-08-27T05:18:19","date_gmt":"2018-08-27T03:18:19","guid":{"rendered":"https:\/\/www.plm.ba\/repertoire\/a-tangled-fairy-tale\/"},"modified":"2018-08-27T05:20:35","modified_gmt":"2018-08-27T03:20:35","slug":"a-tangled-fairy-tale","status":"publish","type":"page","link":"https:\/\/www.plm.ba\/en\/repertoire\/a-tangled-fairy-tale\/","title":{"rendered":"A Tangled Fairy Tale"},"content":{"rendered":"<div class=\"wpb-content-wrapper\">[vc_row][vc_column width=&#8221;2\/3&#8243;][vc_column_text]\n<h3><strong>ABOUT THE PLAY<\/strong><\/h3>\n<p style=\"text-align: justify;\">We were taught from and raised on fairy tales. They taught us that virtue is worthwhile, and evil is punished. They trained us to be good and righteous in search of our happiness, because only in this way we can get the right ending of our fairy tale &#8211; the &#8220;and they lived long and happy&#8230;&#8221; kind of end.<br \/>\nThis fairy tale refuses to become such a tale. It represents the search for someone who needs us, and for someone who will free us from loneliness. Actually, it represents a quest for balance, reconciliation with our own faults and imperfections. For &#8220;there is nothing complete in this world&#8221;, and no one is completely good or completely evil. Everything is intertwined, complicated, or tangled, and precisely because of that \u2013 it&#8217;s beautiful. Thus, our fairy tale is TANGLED, too!<br \/>\nThe Skinny and The Other travel the world and encounter numerous human flaws and many temptations on the road, while seeking for what they had all along but failed to recognize. Hence, the destination is also the place of departure. Enriched by experience under the Sun and the Moon, the two of them are happy that they went together through this difficult journey and found each other. They found peace in themselves, and felt at peace with themselves. They became jolly and ready to start the journey of their dreams, because the journey itself is happiness!<\/p>\n[\/vc_column_text][vc_separator color=&#8221;chino&#8221;][vc_column_text]\n<h4 style=\"text-align: left;\"><strong>AUTHOR TEAM<\/strong><\/h4>\n<p style=\"text-align: left;\">Director: Ned\u017ead Maksumi\u0107<br \/>\nScenography: Stjepan Milo\u0161 and Igor Vida\u010dkovi\u0107<br \/>\nMusic: Atilla Aksoj<br \/>\nCostume Design: Orhan Imami<br \/>\nStagehand: Amer \u0106ati\u0107<br \/>\nTurner: Ivo Mustapi\u0107<br \/>\nDraft of Metal Axis: Dra\u017een Ondelj<\/p>\n[\/vc_column_text][vc_column_text]\n<h4 style=\"text-align: left;\"><strong>ACTORS<\/strong><\/h4>\n<p style=\"text-align: left;\">Diana Ondelj Maksumi\u0107 \u2013 The Red (Flower and The Other)<br \/>\nNermina Denjo \u2013 The Yellow (Skinny)<br \/>\nSer\u0111o Rado\u0161 \u2013 The Orange (The Sun, The Fighter, The Vassal, The Sage, The Goof, Boredom and Envy)<br \/>\nNed\u017ead Maksumi\u0107 \u2013 The Blue (Moon, The Complainer, The Fan, The Ruler, The Student, The Rich Man, Laziness and Success)<\/p>\n[\/vc_column_text][vc_separator color=&#8221;chino&#8221;][vc_column_text]\n<h4 style=\"text-align: justify;\"><strong>PLAY REVIEW<\/strong><\/h4>\n<p>The drama template for the play was made by Ned\u017ead Maksumi\u0107, a member of this ensemble. He also appears as a director and, finally, as one of the actors in the play. By this we have seen, in the wider scope, the intellectual and creative profile of this creator who recently presented a very good poetry collection &#8220;Jerusalemian\u201c.[\/vc_column_text][\/vc_column][vc_column width=&#8221;1\/3&#8243;][vc_single_image image=&#8221;1899&#8243; img_size=&#8221;medium&#8221; alignment=&#8221;center&#8221; onclick=&#8221;link_image&#8221; css_animation=&#8221;bounceInLeft&#8221; curly_max_width=&#8221;540&#8243; curly_width=&#8221;540&#8243;][vc_separator color=&#8221;chino&#8221; el_width=&#8221;50&#8243;][info_banner_vc image_id=&#8221;1490&#8243;]\n<h4 style=\"text-align: center;\"><strong>PREMIERE<\/strong><\/h4>\n<h5 style=\"text-align: center;\">July 15, 2008<\/h5>\n[\/info_banner_vc][vc_separator color=&#8221;chino&#8221; el_width=&#8221;50&#8243;][vc_column_text]\n<h4 style=\"text-align: center;\"><strong>AGE<\/strong><\/h4>\n<h2 style=\"text-align: center;\"><strong>6+<\/strong><\/h2>\n[\/vc_column_text][\/vc_column][\/vc_row][vc_row content_placement=&#8221;middle&#8221;][vc_column][vc_images_carousel images=&#8221;1730,1731,1732,1733,1734&#8243; img_size=&#8221;large&#8221; slides_per_view=&#8221;3&#8243; hide_pagination_control=&#8221;yes&#8221; wrap=&#8221;yes&#8221;][\/vc_column][\/vc_row]\n<\/div>","protected":false},"excerpt":{"rendered":"<p>[vc_row][vc_column width=&#8221;2\/3&#8243;][vc_column_text] ABOUT THE PLAY We were taught from and raised on fairy tales. They taught us that virtue is worthwhile, and evil is punished. They trained us to be good and righteous in search of our happiness, because only in this way we can get the right ending of our fairy tale &#8211; the &#8220;and they lived long and [&hellip;]<\/p>\n","protected":false},"author":2,"featured_media":0,"parent":3006,"menu_order":0,"comment_status":"closed","ping_status":"closed","template":"","meta":{"inline_featured_image":false,"footnotes":""},"class_list":["post-3070","page","type-page","status-publish","hentry"],"_links":{"self":[{"href":"https:\/\/www.plm.ba\/en\/wp-json\/wp\/v2\/pages\/3070","targetHints":{"allow":["GET"]}}],"collection":[{"href":"https:\/\/www.plm.ba\/en\/wp-json\/wp\/v2\/pages"}],"about":[{"href":"https:\/\/www.plm.ba\/en\/wp-json\/wp\/v2\/types\/page"}],"author":[{"embeddable":true,"href":"https:\/\/www.plm.ba\/en\/wp-json\/wp\/v2\/users\/2"}],"replies":[{"embeddable":true,"href":"https:\/\/www.plm.ba\/en\/wp-json\/wp\/v2\/comments?post=3070"}],"version-history":[{"count":0,"href":"https:\/\/www.plm.ba\/en\/wp-json\/wp\/v2\/pages\/3070\/revisions"}],"up":[{"embeddable":true,"href":"https:\/\/www.plm.ba\/en\/wp-json\/wp\/v2\/pages\/3006"}],"wp:attachment":[{"href":"https:\/\/www.plm.ba\/en\/wp-json\/wp\/v2\/media?parent=3070"}],"curies":[{"name":"wp","href":"https:\/\/api.w.org\/{rel}","templated":true}]}}