{"id":3111,"date":"2018-08-27T13:10:22","date_gmt":"2018-08-27T11:10:22","guid":{"rendered":"https:\/\/www.plm.ba\/repertoire\/the-muddy-duck\/"},"modified":"2018-08-27T13:11:28","modified_gmt":"2018-08-27T11:11:28","slug":"the-muddy-duck","status":"publish","type":"page","link":"https:\/\/www.plm.ba\/en\/repertoire\/the-muddy-duck\/","title":{"rendered":"The Muddy Duck"},"content":{"rendered":"<div class=\"wpb-content-wrapper\">[vc_row][vc_column width=&#8221;2\/3&#8243;][vc_column_text]\n<h3><strong>ABOUT THE PLAY<\/strong><\/h3>\n<p style=\"text-align: left;\">Stories can be read in different ways, and thus they can have different meanings. I was personally obsessed with two underlying messages of this lovely story about a playful Duck.<\/p>\n<p>The first message: It is perfectly clear that cunning foxes are lurking for innocence and naivety. Their foxiness and power can only be overcome with courage and unity.<\/p>\n<p>The second message offers a more poetic, slightly nostalgic view of two dreamers, two clowns that are enthusiastic about the dreams of glory, applause, happiness, and sadness under the lights of the stage of the abandoning century. It offers a glimpse of their infinite willpower to build a better and more just world by using imagination.<br \/>\nChildren should seek conclusions in both ways of reading. However, I would also recommend to the adults to think deeply about the second way, but also to refrain from considering the first one as rhetorical.<\/p>\n<p style=\"text-align: right;\">Hamica Nametak, Director<\/p>\n[\/vc_column_text][vc_separator color=&#8221;chino&#8221;][vc_column_text]\n<h4 style=\"text-align: left;\"><strong>AUTHOR TEAM<\/strong><\/h4>\n<p style=\"text-align: left;\">Adaptation and Director: Hamica Nametak<br \/>\nWritten by: N. Gernetova \u2013 T. Gurevi\u010dova<br \/>\nSound and Lighting: Amer \u0106ati\u0107<br \/>\nStage Tehnician: Mirsad Bijedi\u0107<br \/>\nPainting by Students of The Pedagogical Academy: Jagoda Gosto, Lejla \u0160ehi\u0107, Elvedina Hrustanovi\u0107, Dolores Veledar, Husein \u0160ljivo<\/p>\n[\/vc_column_text][vc_column_text]\n<h4 style=\"text-align: left;\"><strong>ACTORS<\/strong><\/h4>\n<p style=\"text-align: left;\">Ned\u017ead Maksumi\u0107 \u2013 Clown A, Jasko the Sheperd<br \/>\nSergio Rado\u0161 \u2013 Clown B, Hedgehog the Pricker<br \/>\nDiana Ondelj \u2013 Maksumi\u0107 \u2013 The Wise Fox<br \/>\nNermina Denjo \u2013 The Muddy Duck<\/p>\n[\/vc_column_text][vc_separator color=&#8221;chino&#8221;][vc_column_text]\n<h4 style=\"text-align: left;\"><strong>PLAY REVIEW<\/strong><\/h4>\n<p style=\"text-align: left;\">The performance includes various puppet techniques &#8211; from rod puppets javjaka and hand puppets guignols to playing with hands and objects. The game is based on the principle of clowns. Clowns are played by Ned\u017ead Maksumi\u0107 and Sergio Rado\u0161 who have &#8220;worked out and played these parts with a distinctive stage charm and ease of play&#8221;.<\/p>\n<p style=\"text-align: right;\">Ljubica Ostoji\u0107<\/p>\n[\/vc_column_text][\/vc_column][vc_column width=&#8221;1\/3&#8243;][vc_single_image image=&#8221;1969&#8243; img_size=&#8221;medium&#8221; alignment=&#8221;center&#8221; onclick=&#8221;link_image&#8221; css_animation=&#8221;bounceInLeft&#8221; curly_max_width=&#8221;540&#8243; curly_width=&#8221;540&#8243;][vc_separator color=&#8221;chino&#8221; el_width=&#8221;50&#8243;][info_banner_vc image_id=&#8221;1490&#8243;]\n<h4 style=\"text-align: center;\"><strong>PREMIERE<\/strong><\/h4>\n<h5 style=\"text-align: center;\"><strong>May 18, 2000<\/strong><\/h5>\n[\/info_banner_vc][vc_separator color=&#8221;chino&#8221; el_width=&#8221;50&#8243;][vc_column_text]\n<h4 style=\"text-align: center;\"><strong>AGE<\/strong><\/h4>\n<h2 style=\"text-align: center;\"><strong>5+<\/strong><\/h2>\n[\/vc_column_text][\/vc_column][\/vc_row][vc_row content_placement=&#8221;middle&#8221;][vc_column][vc_images_carousel images=&#8221;1630,1631,1632,1633,1634,1635&#8243; img_size=&#8221;large&#8221; slides_per_view=&#8221;3&#8243; hide_pagination_control=&#8221;yes&#8221; wrap=&#8221;yes&#8221;][\/vc_column][\/vc_row]\n<\/div>","protected":false},"excerpt":{"rendered":"<p>[vc_row][vc_column width=&#8221;2\/3&#8243;][vc_column_text] ABOUT THE PLAY Stories can be read in different ways, and thus they can have different meanings. I was personally obsessed with two underlying messages of this lovely story about a playful Duck. The first message: It is perfectly clear that cunning foxes are lurking for innocence and naivety. Their foxiness and power can only be overcome with [&hellip;]<\/p>\n","protected":false},"author":2,"featured_media":0,"parent":3006,"menu_order":0,"comment_status":"closed","ping_status":"closed","template":"","meta":{"inline_featured_image":false,"footnotes":""},"class_list":["post-3111","page","type-page","status-publish","hentry"],"_links":{"self":[{"href":"https:\/\/www.plm.ba\/en\/wp-json\/wp\/v2\/pages\/3111","targetHints":{"allow":["GET"]}}],"collection":[{"href":"https:\/\/www.plm.ba\/en\/wp-json\/wp\/v2\/pages"}],"about":[{"href":"https:\/\/www.plm.ba\/en\/wp-json\/wp\/v2\/types\/page"}],"author":[{"embeddable":true,"href":"https:\/\/www.plm.ba\/en\/wp-json\/wp\/v2\/users\/2"}],"replies":[{"embeddable":true,"href":"https:\/\/www.plm.ba\/en\/wp-json\/wp\/v2\/comments?post=3111"}],"version-history":[{"count":0,"href":"https:\/\/www.plm.ba\/en\/wp-json\/wp\/v2\/pages\/3111\/revisions"}],"up":[{"embeddable":true,"href":"https:\/\/www.plm.ba\/en\/wp-json\/wp\/v2\/pages\/3006"}],"wp:attachment":[{"href":"https:\/\/www.plm.ba\/en\/wp-json\/wp\/v2\/media?parent=3111"}],"curies":[{"name":"wp","href":"https:\/\/api.w.org\/{rel}","templated":true}]}}