{"id":3218,"date":"2017-11-17T09:35:15","date_gmt":"2017-11-17T09:35:15","guid":{"rendered":"https:\/\/www.plm.ba\/about-us\/employees\/sergio-rados\/"},"modified":"2017-11-17T09:35:15","modified_gmt":"2017-11-17T09:35:15","slug":"sergio-rados","status":"publish","type":"page","link":"https:\/\/www.plm.ba\/en\/about-us\/employees\/sergio-rados\/","title":{"rendered":"Sergio Rado\u0161"},"content":{"rendered":"<div class=\"wpb-content-wrapper\">[vc_row][vc_column width=&#8221;2\/3&#8243;][vc_column_text]\n<h4 style=\"text-align: left;\">Ro\u0111en u Mostaru, 22. 11. 1971. godine. Jedna od \u017eivotnih preokupacija mu je muzika. Dugo godina bio je pjeva\u010d u grupi MO &#8211; Selection Band. Poha\u0111ao \u0160kolu lutkarstva Mostar &#8211; Sarajevo. Stalni \u010dlan gluma\u010dkog ansambla Pozori\u0161ta lutaka u Mostaru je od decembra 1997. godine.<\/h4>\n[\/vc_column_text][vc_column_text]\n<h4 style=\"text-align: left;\"><strong>Nagrade:<\/strong><\/h4>\n<p style=\"text-align: left;\">Nagrada za najbolje gluma\u010dko ostvarenje za ulogu Je\u017eurke Je\u017ei\u0107a u predstavi \u201cJe\u017eeva ku\u0107ica\u201d u re\u017eiji Roberta Waltla na 9. me\u0111unarodnom festivalu lutkarskih pozori\u0161ta za djecu \u201cLut fest\u201d u Isto\u010dnom Sarajevu 2008. godine.<\/p>\n[\/vc_column_text][vc_column_text]\n<h4 style=\"text-align: left;\"><strong>Kolektivne nagrade:<\/strong><\/h4>\n<ul style=\"text-align: left;\">\n<li style=\"text-align: justify;\">Specijalna nagrada za cjelovitost teatarskog izraza u lutkarskoj umetnosti za predstavu \u201c\u017delim biti normalan\u201d na 8. me\u0111unarodnom festivalu \u201cPozori\u0161te zvezdari\u0161te\u201d u Beogradu 2010. godine.<\/li>\n<li style=\"text-align: left;\">Grand Prix festivala za predstavu \u201cKresivo\u201d na 11. me\u0111unarodnom festivalu lutkarskih pozori\u0161ta za djecu \u201cLut fest\u201d u Isto\u010dnom Sarajevu 2010. godine.<\/li>\n<li style=\"text-align: left;\">Nagrada za najbolju ansambl predstavu za predstavu \u201cPinocchio\u201d na 12. me\u0111unarodnom festivalu lutkarskih pozori\u0161ta za djecu \u201cLut fest\u201d u Isto\u010dnom Sarajevu 2011. godine.<\/li>\n<li style=\"text-align: left;\">Grand Prix za najbolju predstavu festivala za predstavu \u201cPinocchio\u201dna 13. me\u0111unarodnom festivalu pozori\u0161ta za decu \u201cZlatna iskra\u201d, Kragujevac 2011. godine.<\/li>\n<li style=\"text-align: left;\">Nagrada ansamblu predstave \u201cLedeno srce\u201c za gluma\u010dko majstorstvo na 4. me\u0111unarodnom festivalu lutkarstva u Podgorici 2015. godine.<\/li>\n<\/ul>\n[\/vc_column_text][\/vc_column][vc_column width=&#8221;1\/3&#8243;][vc_single_image image=&#8221;2305&#8243; img_size=&#8221;full&#8221; style=&#8221;xtd-shadow&#8211;large-hard&#8221;][\/vc_column][\/vc_row]\n<\/div>","protected":false},"excerpt":{"rendered":"<p>[vc_row][vc_column width=&#8221;2\/3&#8243;][vc_column_text] Ro\u0111en u Mostaru, 22. 11. 1971. godine. Jedna od \u017eivotnih preokupacija mu je muzika. Dugo godina bio je pjeva\u010d u grupi MO &#8211; Selection Band. Poha\u0111ao \u0160kolu lutkarstva Mostar &#8211; Sarajevo. Stalni \u010dlan gluma\u010dkog ansambla Pozori\u0161ta lutaka u Mostaru je od decembra 1997. godine. [\/vc_column_text][vc_column_text] Nagrade: Nagrada za najbolje gluma\u010dko ostvarenje za ulogu Je\u017eurke Je\u017ei\u0107a u predstavi \u201cJe\u017eeva [&hellip;]<\/p>\n","protected":false},"author":2,"featured_media":0,"parent":2969,"menu_order":0,"comment_status":"closed","ping_status":"closed","template":"","meta":{"inline_featured_image":false,"footnotes":""},"class_list":["post-3218","page","type-page","status-publish","hentry"],"_links":{"self":[{"href":"https:\/\/www.plm.ba\/en\/wp-json\/wp\/v2\/pages\/3218","targetHints":{"allow":["GET"]}}],"collection":[{"href":"https:\/\/www.plm.ba\/en\/wp-json\/wp\/v2\/pages"}],"about":[{"href":"https:\/\/www.plm.ba\/en\/wp-json\/wp\/v2\/types\/page"}],"author":[{"embeddable":true,"href":"https:\/\/www.plm.ba\/en\/wp-json\/wp\/v2\/users\/2"}],"replies":[{"embeddable":true,"href":"https:\/\/www.plm.ba\/en\/wp-json\/wp\/v2\/comments?post=3218"}],"version-history":[{"count":0,"href":"https:\/\/www.plm.ba\/en\/wp-json\/wp\/v2\/pages\/3218\/revisions"}],"up":[{"embeddable":true,"href":"https:\/\/www.plm.ba\/en\/wp-json\/wp\/v2\/pages\/2969"}],"wp:attachment":[{"href":"https:\/\/www.plm.ba\/en\/wp-json\/wp\/v2\/media?parent=3218"}],"curies":[{"name":"wp","href":"https:\/\/api.w.org\/{rel}","templated":true}]}}