{"id":3829,"date":"2020-09-24T21:53:42","date_gmt":"2020-09-24T19:53:42","guid":{"rendered":"https:\/\/www.plm.ba\/politika-privatnosti\/"},"modified":"2020-09-24T22:46:56","modified_gmt":"2020-09-24T20:46:56","slug":"politika-privatnosti","status":"publish","type":"page","link":"https:\/\/www.plm.ba\/en\/politika-privatnosti\/","title":{"rendered":"Politika privatnosti"},"content":{"rendered":"\n<h3 class=\"wp-block-heading\">Pozori\u0161te lutaka u Mostaru\u00a0(u nastavku:\u00a0Pozori\u0161te) u svom djelovanju nastoji biti uskla\u0111eno sa svim relevantnim zakonskim odredbama i propisima koji se odnose na li\u010dne podatke.<\/h3>\n\n\n\n<p>Ovaj dokument odre\u0111uje osnovne principe po kojima Pozori\u0161te obra\u0111uje li\u010dne podatke zaposlenika, korisnika usluga, simpatizera, donatora, poslovnih saradnika, dobavlja\u010da i drugih te utvr\u0111uje uloge i odgovornosti u svim dijelovima i organizacijama prilikom obrade li\u010dnih podataka, u skladu sa\u00a0<a rel=\"noreferrer noopener\" href=\"https:\/\/eur-lex.europa.eu\/legal-content\/HR\/TXT\/?uri=celex%3A32016R0679\" target=\"_blank\">GDPR uredbom (EU) 2016\/679<\/a>\u00a0Evropskog parlamenta i Vije\u0107a od 27.04.2016. (u daljnjem tekstu: Uredba),\u00a0<a rel=\"noreferrer noopener\" href=\"http:\/\/azlp.ba\/propisi\/default.aspx?id=1331&amp;langTag=bs-BA\" target=\"_blank\">Zakonom o za\u0161titi li\u010dnih podataka BiH<\/a>\u00a0(u daljem tekstu Zakon) i internim aktima. <\/p>\n\n\n\n<p>Pozori\u0161te je prepoznalo va\u017enost za\u0161tite privatnosti, sigurnosti i za\u0161tite podataka svih pojedinaca koji se pojavljuju kao u\u010desnici u svim procesima djelovanja.<\/p>\n\n\n\n<p>Pozori\u0161te putem ove Politike privatnosti izra\u017eava spremnost na po\u0161tivanje Uredbe i Zakona.<\/p>\n\n\n\n<p>Korisnici ovog dokumenta su svi zaposlenici Pozori\u0161ta, korisnici usluga, kao i tre\u0107e strane koje Pozori\u0161te anga\u017euje.<\/p>\n\n\n\n<h4 class=\"wp-block-heading\"><strong>Osnovni pojmovi<\/strong><\/h4>\n\n\n\n<hr class=\"wp-block-separator has-text-color has-background has-luminous-vivid-amber-background-color has-luminous-vivid-amber-color is-style-default\"\/>\n\n\n\n<p>U ovom poglavlju mo\u017eete na\u0107i obja\u0161njenja za osnovne pojmove koji se nalaze u Politici privatnosti podataka.<\/p>\n\n\n\n<ul class=\"wp-block-list\"><li>Li\u010dni podaci \u2013 podrazumjevaju sve podatke po kojima se pojedinac mo\u017ee identificirati (ime, prezime, telefonski broj, mati\u010dni broj, e-mail adresa itd.)<\/li><li>Voditelj obrade \u2013 subjekt koji utvr\u0111uje svrhu, uslove i na\u010din obrade li\u010dnih podataka<\/li><li>Izvr\u0161itelj obrade \u2013 subjekt koji provodi obradu podataka u ime voditelja obrade.<\/li><li>Agencija za za\u0161titu li\u010dnih podataka \u2013 dr\u017eavna agencija \u010diji je zadatak da \u0161titi podatke i privatnost, nadgleda procese primjene Uredbe, te aktivno provodi Uredbu o za\u0161titi podataka.<\/li><li>Slu\u017ebenik za za\u0161titu podataka (DPO) \u2013 uposlenik zadu\u017een za za\u0161titu podataka koji samostalno djeluje kako bi osigurao da poslovni entitet djeluje u skladu sa politikom i procedurama koje su postavljene na temelju Uredbe.<\/li><li>Obrada li\u010dnih podataka \u2013 bilo koja akcija koja se provodi nad li\u010dnim podacima, automatski ili ne, koja uklju\u010duje prikupljanje, upotrebu, izradu izvje\u0161taja za zapise i sli\u010dno<\/li><li>Korisnik \u2013 subjekt koji posje\u0107uje internet stranicu www.plm.ba<\/li><\/ul>\n\n\n\n<h4 class=\"wp-block-heading\"><strong>Svrha prikupljanja li\u010dnih podataka<\/strong><\/h4>\n\n\n\n<hr class=\"wp-block-separator has-text-color has-background has-luminous-vivid-amber-background-color has-luminous-vivid-amber-color\"\/>\n\n\n\n<p>Kako bi Pozori\u0161te bilo u mogu\u0107nosti zastupati interese svojih zaposlenika i korisnika usluga, pravovremeno i dosljedno ih informisati o aktivnostima, nu\u017eno obra\u0111uje njihove li\u010dne podatke koji su neophodni za kvalitetan anga\u017eman. U suprotnom, odnosno ukoliko korisnik odbije ustupiti takve li\u010dne podatake, Pozori\u0161te ne\u0107e biti u mogu\u0107nosti pru\u017eiti mu povratnu informaciju.<\/p>\n\n\n\n<p>Li\u010dne podatke pojedinaca prikupljamo zbog:<\/p>\n\n\n\n<ul class=\"wp-block-list\"><li>zakonskih obaveza \u2013 podatke prikupljamo i \u0161aljemo putem razli\u010ditih papirnatih i digitalnih obrazaca u razli\u010dite institucije Dr\u017eavne uprave u cilju prijave, odjave ili promjene statusa i prava radnika, istra\u017enih radnji i sudskih procesa,<\/li><li>upisa korisnika usluga u registar Pozori\u0161ta, vo\u0111enje evidencije, rezervacija i sa\u010dinjavanja arhive,<\/li><li>radi unaprije\u0111enja sistema pristupa informacijama i blagovremenog informisanja korisnika.<\/li><\/ul>\n\n\n\n<p>U svrhu prikupljanja podataka koristimo:<\/p>\n\n\n\n<ul class=\"wp-block-list\"><li><a rel=\"noreferrer noopener\" href=\"https:\/\/policies.google.com\/?hl=hr\" target=\"_blank\" class=\"rank-math-link\">Google<\/a>\u00a0Analytics<\/li><li><a rel=\"noreferrer noopener\" href=\"https:\/\/www.facebook.com\/privacy\/explanation\" target=\"_blank\" class=\"rank-math-link\">Facebook<\/a>\u00a0Pixel<\/li><li><a rel=\"noreferrer noopener\" href=\"https:\/\/mailchimp.com\/legal\/privacy\/\" target=\"_blank\" class=\"rank-math-link\">MailChimp<\/a>\u00a0platformu<\/li><li>Formu za rezervaciju karata<\/li><\/ul>\n\n\n\n<p>Na\u0161a stranica mo\u017ee sadr\u017eavati eksterne veze na druge internetske stranice kojima Pozori\u0161te ne upravlja i za koje nije odgovorna.<\/p>\n\n\n\n<h4 class=\"wp-block-heading\"><strong>Na\u010dela obrade podataka<\/strong><\/h4>\n\n\n\n<hr class=\"wp-block-separator has-text-color has-background has-luminous-vivid-amber-background-color has-luminous-vivid-amber-color\"\/>\n\n\n\n<p>Prilikom obrade li\u010dnih podataka korisnika internet stranice Pozori\u0161te se pridr\u017eava sljede\u0107ih osnovnih na\u010dela:<\/p>\n\n\n\n<ul class=\"wp-block-list\"><li>Zakonitost, po\u0161tenje i transparentnost \u2013 Pozori\u0161te \u0107e obra\u0111ivati li\u010dne podatke ispitanika u skladu sa va\u017ee\u0107im propisima i obuhva\u0107aju\u0107i sva prava korisnika te \u0107e prema Uredbi pru\u017eati korisnicima sve potrebne informacije o tome koji se li\u010dni podaci koji se odnose na njih prikupljaju, upotrebljavaju, daju na uvid ili na drugi na\u010din obra\u0111uju. Na zahtjev osigurati korisnicima uvid u njihove podatke, obrazlo\u017eenje obrade, temelja i zakonitosti obrade. Korisnik \u0107e biti pravovremeno, odnosno prije samog prikupljanja li\u010dnih podataka, upoznat sa svim relevantnim informacijama.<\/li><li>Ograni\u010denje svrhe \u2013 li\u010dni podaci moraju biti prikupljeni u posebne, izri\u010dite i zakonite svrhe te se dalje ne smiju obra\u0111ivati na na\u010din koji nije u skladu s tim svrhama.<\/li><li>Smanjenje koli\u010dine podataka \u2013 Pozori\u0161te prikuplja i obra\u0111uje li\u010dne podatke na na\u010din da su ti podaci primjereni, relevantni i ograni\u010deni na ono \u0161to je nu\u017eno u odnosu na svrhe u koje se obra\u0111uju. Svaka organizaciona jedinica unutar Pozori\u0161ta osigurava da se ovo na\u010delo adekvatno primjenjuje.<\/li><li>Ta\u010dnost i a\u017eurnost \u2013 Pozori\u0161te osigurava da su podaci ta\u010dni te \u0107e poduzeti sve razumne mjere radi osiguravanja da se li\u010dni podaci koji nisu ta\u010dni, uzimaju\u0107i u obzir svrhe u koje se obra\u0111uju, bez odlaganja izbri\u0161u ili isprave. U tu svrhu korisnici koji su u poslovnom odnosno ugovornom odnosu sa Pozori\u0161tem imaju pravo i obavezu a\u017euriranja svojih li\u010dnih podataka.<\/li><li>Ograni\u010denje \u010duvanja \u2013 li\u010dni podaci korisnika \u010duvaju se u obliku koji omogu\u0107uje identifikaciju ispitanika samo onoliko dugo koliko je potrebno u svrhu radi kojih se li\u010dni podaci obra\u0111uju, a dalje ukoliko za to postoji legitimni interes (npr. ukoliko slu\u017ee kao dokaz u sudskom ili istra\u017enom postupku).<\/li><li>Cjelovitost i povjerljivost \u00a0\u2013 Pozori\u0161te prikuplja i obra\u0111uje podatke na na\u010din kojim se osigurava odgovaraju\u0107a sigurnost li\u010dnih podataka, uklju\u010duju\u0107i za\u0161titu od neovla\u0161tene ili nezakonite obrade te od slu\u010dajnog gubitka, uni\u0161tenja ili o\u0161te\u0107enja primjenom odgovaraju\u0107ih tehni\u010dkih ili organizacijskih mjera. Provo\u0111enje ovog na\u010dela osigurava implementacijom sistema koji ima za cilj ograni\u010denje pristupa podacima, detekciju i za\u0161titu od curenja podataka, metodama nadzora nad pristupom podataka i sl.<\/li><\/ul>\n\n\n\n<p>Svaka organizacijska jedinica Pozori\u0161ta kao i izvr\u0161itelj obrade du\u017ena je osigurati pridr\u017eavanje gore navedenih na\u010dela prilikom obrade li\u010dnih podataka za koje je nadle\u017ena.<\/p>\n\n\n\n<p>U skladu sa navedenim na\u010delima, zaposlenici Pozori\u0161ta \u0107e pristupati li\u010dnim podacima ispitanika ovisno o njihovim ovla\u0161tenjima, a kako bi uspje\u0161no obavili poslove vezane uz pojedina radna mjesta.<\/p>\n\n\n\n<p>Pozori\u0161te \u0107e podatke korisnika proslijediti drugim pravnim osobama i dr\u017eavnim institucijama u slu\u010daju kad za to postoji zakonska osnova.<\/p>\n\n\n\n<h4 class=\"wp-block-heading\"><strong>Prava korisnika<\/strong><\/h4>\n\n\n\n<hr class=\"wp-block-separator has-text-color has-background has-luminous-vivid-amber-background-color has-luminous-vivid-amber-color\"\/>\n\n\n\n<p>Pozori\u0161te \u0107e korisniku svoje internet stranice u trenutku prikupljanja li\u010dnih podataka pru\u017eiti informacije o:<\/p>\n\n\n\n<ul class=\"wp-block-list\"><li>identitetu i kontaktnim podacima Pozori\u0161ta kao voditelja obrade,<\/li><li>kontaktnim podacima slu\u017ebenika za za\u0161titu podataka (DPO),<\/li><li>svrhama obrade radi kojih se prikupljaju li\u010dni podaci te pravnu osnovu za obradu,<\/li><li>legitimnim interesima Pozori\u0161ta,<\/li><li>primateljima ili kategorijama primatelja li\u010dnih podataka, \u00a0ako takvih primatelja ima,<\/li><li>namjeri prijenosa li\u010dnih podataka tre\u0107im zemljama, ako takva namjera postoji,<\/li><li>period \u010duvanja podataka,<\/li><li>pravu ispitanika na pristup li\u010dnim podacima, ograni\u010denju obrade i brisanje podataka,<\/li><li>pravu na podno\u0161enje prigovora Agenciji za za\u0161titu li\u010dnih podataka BiH.<\/li><\/ul>\n\n\n\n<p>Prava \u010dlanova\/korisnika na osnovu Uredbe, Zakona i ove Politike su:<\/p>\n\n\n\n<p><strong>Pravo na pristup podacima<\/strong>\u00a0\u2013 korisnik ima pravo dobiti od Pozori\u0161ta potvrdu obra\u0111uju li se njegovi li\u010dni podaci te ako se takvi li\u010dni podaci obra\u0111uju, pristup li\u010dnim podacima i informacije o svrhi obrade, kategorijama podataka, potencijalnim primateljima kojima \u0107e li\u010dni podaci biti otkriveni, postojanju prava da zatra\u017ei ispravak, brisanje ili ograni\u010denje obrade li\u010dnih podataka te prava na ulaganje pritu\u017ebe nadzornom tijelu.<\/p>\n\n\n\n<p><strong>Pravo na ispravak<\/strong>\u00a0\u2013 korisnik ima pravo bez nepotrebnog odga\u0111anja zatra\u017eiti od Pozori\u0161ta ispravku neta\u010dnih li\u010dnih podataka koji se na njega odnose. Uzimaju\u0107i u obzir svrhu obrade, ispitanik ima pravo dopuniti nepotpune li\u010dne podatke, me\u0111u ostalim i davanjem dodatne izjave.<\/p>\n\n\n\n<p><strong>Pravo na brisanje<\/strong>\u00a0\u2013 korisnik ima pravo od Pozori\u0161ta zatra\u017eiti brisanje li\u010dnih podataka koji se na njega odnose.<\/p>\n\n\n\n<p><strong>Pravo na ograni\u010denje obrade<\/strong>&nbsp;\u2013 korisnik ima pravo tra\u017eiti i dobiti ograni\u010denje.<\/p>\n\n\n\n<p><strong>Pravo na prigovor<\/strong>&nbsp;\u2013 korisnik ima pravo na osnovu svoje posebne situacije u svakom trenutku ulo\u017eiti prigovor na obradu li\u010dnih podataka koji se odnose na njega.<\/p>\n\n\n\n<p>Pozori\u0161te \u0107e korisniku na njegov zahtjev pru\u017eiti informacije o poduzetim radnjama vezanima uz navedena prava u roku od 30 dana od dana zaprimanja urednog zahtjeva. Iznimno, Pozori\u0161te mo\u017ee iz opravdanih razloga produ\u017eiti rok za odgovor o \u010demu \u0107e obavijestiti ispitanika.<\/p>\n\n\n\n<p>Informacije se pru\u017eaju u pisanom obliku ili drugim sredstvima, ako je prikladno i elektronskim putem. Ako to zatra\u017ei korisnik, informacije \u0107e se pru\u017eiti i usmenim putem, pod uslovom da je drugim sredstvima utvr\u0111en identitet ispitanika.<\/p>\n\n\n\n<p>U slu\u010daju da Pozori\u0161te ne postupi po zahtjevu, obavijestit \u0107e ispitanika o razlozima\u00a0i o mogu\u0107nosti podno\u0161enja pritu\u017ebe nadzornom tijelu.<\/p>\n\n\n\n<h4 class=\"wp-block-heading\"><strong>Period \u010duvanja podataka<\/strong><\/h4>\n\n\n\n<hr class=\"wp-block-separator has-text-color has-background has-luminous-vivid-amber-background-color has-luminous-vivid-amber-color\"\/>\n\n\n\n<p>Va\u0161i li\u010dni podaci se \u010duvaju u skladu s va\u017ee\u0107im zakonima i samo toliko dugo koliko je potrebno za postizanje svrhe za koju se podaci obra\u0111uju, ili za razdoblje propisanog zakonom, ili za razdoblje potrebno za izvr\u0161enje ugovora. Podaci prikupljeni na temelju pristanka bi\u0107e izbrisani i prije Va\u0161eg otkazivanja, u slu\u010daju da je svrha za koju su prikupljeni podaci postignuta. Li\u010dni podaci za koje je razdoblje zadr\u017eavanja isteklo (npr. ako je postignuta svrha za koju su prikupljeni, jer je istekao zakonski rok, itd.) bi\u0107e izbrisani, uni\u0161teni ili anonimizirani na na\u010din da obnova osobnih podataka vi\u0161e nije mogu\u0107a.<\/p>\n\n\n\n<p>Podaci se \u010duvaju u razli\u010ditim vremenskim periodima zavisno od svrhe za koju se prikupljaju.<\/p>\n\n\n\n<h4 class=\"wp-block-heading\"><strong>Politika kola\u010di\u0107a (Cookies)<\/strong><\/h4>\n\n\n\n<hr class=\"wp-block-separator has-text-color has-background has-luminous-vivid-amber-background-color has-luminous-vivid-amber-color\"\/>\n\n\n\n<p>Kola\u010di\u0107i su male tekstualne datoteke koje ve\u0107ina web stranica pohranjuje na ure\u0111ajima kojima korisnici pristupaju internetu kako bi prepoznali pojedina\u010dne ure\u0111aje koje korisnici koriste tokom pristupa. Njihova pohrana je pod potpunom kontrolom preglednika korisnika \u2013 koji pohranjivanje kola\u010di\u0107a mo\u017ee po \u017eelji omogu\u0107iti ili onemogu\u0107iti. Kola\u010di\u0107i nisu \u0161tetni i uvijek su vremenski ograni\u010deni.<\/p>\n\n\n\n<p>Internet stranica Pozori\u0161ta (https:\/\/plm.ba) sakuplja dvije vrste kola\u010di\u0107a (Cookies).<\/p>\n\n\n\n<ul class=\"wp-block-list\"><li>Obavezne kola\u010di\u0107e (Cookies) radi ostvarivanja zadatka nesmetanog rada web stranice<\/li><li>Statisti\u010dke kola\u010di\u0107e (Cookies) kojima dozvoljavate pra\u0107enje statistike posjeta internet stranice, a va\u0161i podaci (adresa internet protokola, identifikatori kola\u010di\u0107a) upotrebljavaju se za pode\u0161avanje oglasa prilikom ponovnog posjeta stranici.<\/li><\/ul>\n\n\n\n<p>Server na kojem se nalazi ova internet stranica za\u0161ti\u0107en je sa svim vrstama za\u0161tite kako bi se obezbjedila privatnost i sigurnost podataka.<\/p>\n\n\n\n<p>Onemogu\u0107avanjem kola\u010di\u0107a odlu\u010dujete ho\u0107ete li dopustiti pohranjivanje kola\u010di\u0107a na va\u0161em ra\u010dunaru. Postavke kola\u010di\u0107a mogu se kontrolisati i konfigurisati u va\u0161em internet browseru. Onemogu\u0107avanjem kola\u010di\u0107a, postoji mogu\u0107nost da ne\u0107ete mo\u0107i koristiti neke od funkcionalnosti na\u0161e internet stranice.<\/p>\n\n\n\n<p>Da bi saznali kako kontrolisati kola\u010di\u0107e u va\u0161em browseru posjetite dolje navedene linkove:<\/p>\n\n\n\n<p><a href=\"https:\/\/support.microsoft.com\/hr-hr\/help\/4028646\/microsoft-edge-view-and-delete-browsing-history\" target=\"_blank\" rel=\"noreferrer noopener\">Microsoft Edge<\/a>&nbsp;\/&nbsp;<a href=\"https:\/\/support.microsoft.com\/hr-hr\/help\/17479\/windows-internet-explorer-11-change-security-privacy-settings\" target=\"_blank\" rel=\"noreferrer noopener\">Internet Explorer<\/a>&nbsp;\/&nbsp;<a href=\"https:\/\/support.google.com\/chrome\/answer\/95647\" target=\"_blank\" rel=\"noreferrer noopener\">Google Chrome<\/a>&nbsp;\/&nbsp;<a href=\"https:\/\/support.mozilla.org\/hr\/kb\/Brisanje%20kola%C4%8Di%C4%87a\" target=\"_blank\" rel=\"noreferrer noopener\">Mozilla Firefox<\/a>&nbsp;\/&nbsp;<a href=\"https:\/\/support.apple.com\/hr-hr\/guide\/safari\/sfri47acf5d6\/mac\" target=\"_blank\" rel=\"noreferrer noopener\">Safari<\/a>&nbsp;\/&nbsp;<a href=\"https:\/\/www.opera.com\/help\/tutorials\/security\/privacy\/\" target=\"_blank\" rel=\"noreferrer noopener\">Opera<\/a><\/p>\n\n\n\n<p>Vi\u0161e informacija o kola\u010di\u0107ima pro\u010ditajte na sljede\u0107im linkovima:<\/p>\n\n\n\n<ul class=\"wp-block-list\"><li><a href=\"http:\/\/www.allaboutcookies.org\/\" class=\"rank-math-link\" target=\"_blank\" rel=\"noopener\">http:\/\/www.allaboutcookies.org\/<\/a><\/li><li><a href=\"http:\/\/www.youronlinechoices.eu\/\" class=\"rank-math-link\" target=\"_blank\" rel=\"noopener\">http:\/\/www.youronlinechoices.eu\/<\/a><\/li><\/ul>\n\n\n\n<h4 class=\"wp-block-heading\"><strong>Povjerljivost i pristup podacima<\/strong><\/h4>\n\n\n\n<hr class=\"wp-block-separator has-text-color has-background has-luminous-vivid-amber-background-color has-luminous-vivid-amber-color\"\/>\n\n\n\n<p>Ovom izjavom Pozori\u0161te lutaka u Mostaru se obavezuje da \u0107e shodno Uredbi EU 2016\/679 o za\u0161titi pojedinaca u vezi s obradom li\u010dnih podataka (Uredba) \u010duvati povjerljivost svih li\u010dnih podataka kojima ima pravo i mogu\u0107nost pristupa, te da \u0107emo iste li\u010dne podatke koristiti isklju\u010divo u nazna\u010denu (propisanu) svrhu.<\/p>\n\n\n\n<h4 class=\"wp-block-heading\"><strong>Slu\u017eba za za\u0161titu podataka<\/strong><\/h4>\n\n\n\n<hr class=\"wp-block-separator has-text-color has-background has-luminous-vivid-amber-background-color has-luminous-vivid-amber-color\"\/>\n\n\n\n<p>U slu\u010daju bilo kakvih pitanja vezano za obradu Va\u0161ih li\u010dnih podataka i ostvarenje prava, mo\u017eete se obratiti na\u0161oj slu\u017ebi za za\u0161titu podataka putem kontakta. Ako sumnjate na povredu vezano za za\u0161titu Va\u0161ih li\u010dnih podataka, imate pravo podnijeti pritu\u017ebu Agenciji za za\u0161titu osobnih podataka.<\/p>\n\n\n\n<p><strong>Kontakt podaci<\/strong><br>Pozori\u0161te lutaka u Mostaru<br>Bra\u0107e \u0106i\u0161i\u0107a 15, 88000 Mostar, BiH<br>T: +387 36 552 625<br>E:\u00a0info@plm.ba<\/p>\n\n\n\n<h4 class=\"wp-block-heading\"><strong>Tajnost podataka<\/strong><\/h4>\n\n\n\n<hr class=\"wp-block-separator has-text-color has-background has-luminous-vivid-amber-background-color has-luminous-vivid-amber-color\"\/>\n\n\n\n<p>Nagla\u0161avamo da prilikom posjeta ovim stranicama va\u0161i li\u010dni podaci ostaju tajni, osim ako ih ne \u017eelite dobrovoljno otkriti. Obavezujemo se da drugim stranama ne\u0107emo otkrivati, prodavati ni prenositi podatke koje smo primili (osim u slu\u010dajevima propisanim Uredbom).<\/p>\n\n\n\n<h4 class=\"wp-block-heading\"><strong>Izmjene Politike privatnosti<\/strong><\/h4>\n\n\n\n<p>Sve promjene Politike privatnosti a\u017euriraju se na ovoj stranici zajedno sa datumom izmjene dolje kako slijedi.<\/p>\n\n\n\n<hr class=\"wp-block-separator has-text-color has-background has-vivid-red-background-color has-vivid-red-color\"\/>\n\n\n\n<p class=\"has-text-align-right\">Ova Pravila Politike privatnosti zadnji put su izmijenjena 24.09.2020. godine.<\/p>\n","protected":false},"excerpt":{"rendered":"<p>Ovaj dokument odre\u0111uje osnovne principe po kojima Pozori\u0161te obra\u0111uje li\u010dne podatke zaposlenika, korisnika usluga, simpatizera, donatora, poslovnih saradnika, dobavlja\u010da i drugih.<\/p>\n","protected":false},"author":1,"featured_media":3819,"parent":0,"menu_order":0,"comment_status":"closed","ping_status":"closed","template":"page-templates\/page-sidebar-right.php","meta":{"inline_featured_image":false,"footnotes":""},"class_list":["post-3829","page","type-page","status-publish","has-post-thumbnail","hentry"],"_links":{"self":[{"href":"https:\/\/www.plm.ba\/en\/wp-json\/wp\/v2\/pages\/3829","targetHints":{"allow":["GET"]}}],"collection":[{"href":"https:\/\/www.plm.ba\/en\/wp-json\/wp\/v2\/pages"}],"about":[{"href":"https:\/\/www.plm.ba\/en\/wp-json\/wp\/v2\/types\/page"}],"author":[{"embeddable":true,"href":"https:\/\/www.plm.ba\/en\/wp-json\/wp\/v2\/users\/1"}],"replies":[{"embeddable":true,"href":"https:\/\/www.plm.ba\/en\/wp-json\/wp\/v2\/comments?post=3829"}],"version-history":[{"count":0,"href":"https:\/\/www.plm.ba\/en\/wp-json\/wp\/v2\/pages\/3829\/revisions"}],"wp:featuredmedia":[{"embeddable":true,"href":"https:\/\/www.plm.ba\/en\/wp-json\/wp\/v2\/media\/3819"}],"wp:attachment":[{"href":"https:\/\/www.plm.ba\/en\/wp-json\/wp\/v2\/media?parent=3829"}],"curies":[{"name":"wp","href":"https:\/\/api.w.org\/{rel}","templated":true}]}}