{"id":7193,"date":"2024-11-27T21:50:49","date_gmt":"2024-11-27T20:50:49","guid":{"rendered":"https:\/\/www.plm.ba\/repertoire\/city-of-lights\/"},"modified":"2024-11-28T02:36:17","modified_gmt":"2024-11-28T01:36:17","slug":"city-of-lights","status":"publish","type":"page","link":"https:\/\/www.plm.ba\/en\/repertoire\/city-of-lights\/","title":{"rendered":"City of Lights"},"content":{"rendered":"<div class=\"wpb-content-wrapper\">[vc_row][vc_column width=&#8221;2\/3&#8243;][vc_column_text css=&#8221;&#8221;]\n<h3>About the show:<\/h3>\n[\/vc_column_text][vc_column_text css=&#8221;&#8221;]Mostar, &#8220;City of Lights&#8221; is a play directed by David Zuazola, a Chilean director based in Spain. The project is a novelty in Bosnian and Herzegovina&#8217;s theater in terms of its concept and method of work. The play, whose set design was created by actors together with elementary school students, maps Mostar and significant city buildings, creating a replica of the city on stage.<\/p>\n<p>Combining live performance, object theater and puppetry, &#8220;City of Lights&#8221; will offer the audience a unique experience of Mostar as we knew it before, and as we know it today. A mosaic of scenes will demonstrate different times, structures and their functions woven into the pulse of the city. From the industrial zone, the legend of the Neretva River and Mostar&#8217;s poets, the play aims to unite the real and mythological world of the city in the south.<\/p>\n<p>City of Lights tells the story of a city, of its recognizable values, of the light carried within its people, those who created this city and were its greatest value, but it also tells of the existence and existence of those people who wanted to extinguish its light and destroy everything urban in it.[\/vc_column_text][vc_separator color=&#8221;chino&#8221; css=&#8221;&#8221;][vc_column_text css=&#8221;&#8221;]\n<h3>AUTHOR TEAM::<\/h3>\n[\/vc_column_text][vc_column_text css=&#8221;&#8221;]Direction, concept and scenography: David Zuazola<br \/>\nAssistant director: Ned\u017ead Maksumi\u0107<br \/>\nOriginal music: Atilla Aksoj<\/p>\n<p>Collaborators on the creation of conceptual solutions and scenography: \u0110enan Behmen, Anel Pala, Lejla Paji\u0107, Armin Filipovi\u0107, Tarik Bajramovi\u0107 and Ali Kamer Aksoy<\/p>\n<p>Children from the Mostar Children&#8217;s Home and the Children&#8217;s Drama and Puppet Studio of the Puppet Theater in Mostar participated in the production of the scenography. We owe special thanks to Mrs. Spomenka \u010cala Bagari\u0107.<\/p>\n<p>Supervisor: Adela Leri\u0107<br \/>\nLighting design: Amer \u0106ati\u0107<br \/>\nPicture on the poster: Anel Pala<br \/>\nDTP and photography: Edin Kmeta\u0161[\/vc_column_text][vc_separator color=&#8221;chino&#8221; css=&#8221;&#8221;][vc_column_text css=&#8221;&#8221;]\n<h3>PLAY:<\/h3>\n[\/vc_column_text][vc_column_text css=&#8221;&#8221;]Ali Kamer Aksoy, Lejla Paji\u0107, Armin Filipovi\u0107 i Tarik Bajramovi\u0107[\/vc_column_text][vc_separator color=&#8221;chino&#8221; css=&#8221;&#8221;][\/vc_column][vc_column width=&#8221;1\/3&#8243;][vc_single_image image=&#8221;7156&#8243; img_size=&#8221;medium&#8221; alignment=&#8221;center&#8221; onclick=&#8221;link_image&#8221; css_animation=&#8221;bounceInRight&#8221; css=&#8221;&#8221;][vc_separator color=&#8221;chino&#8221; el_width=&#8221;50&#8243; css=&#8221;&#8221;][vc_column_text css=&#8221;&#8221;]\n<h4 style=\"text-align: center;\"><strong>PREMIERE<\/strong><\/h4>\n<h2 style=\"text-align: center;\"><strong>23.11.2024.<\/strong><\/h2>\n[\/vc_column_text][vc_separator color=&#8221;chino&#8221; el_width=&#8221;50&#8243; css=&#8221;&#8221;][vc_column_text css=&#8221;&#8221;]\n<h4 style=\"text-align: center;\"><strong>AGE<\/strong><\/h4>\n<h2 style=\"text-align: center;\"><strong>6+<\/strong><\/h2>\n[\/vc_column_text][vc_separator color=&#8221;chino&#8221; el_width=&#8221;50&#8243; css=&#8221;&#8221;][vc_column_text css=&#8221;&#8221;]\n<h4 style=\"text-align: center;\"><strong>DURATION<\/strong><\/h4>\n<h2 style=\"text-align: center;\"><strong>50 min<\/strong><\/h2>\n[\/vc_column_text][\/vc_column][\/vc_row][vc_row full_width=&#8221;stretch_row&#8221; css=&#8221;.vc_custom_1732737661856{background-image: url(https:\/\/www.plm.ba\/wp-content\/uploads\/2022\/11\/pozoriste-lutaka-u-mostaru-velika-scena-3.jpg?id=5543) !important;background-position: center !important;background-repeat: no-repeat !important;background-size: cover !important;}&#8221;][vc_column][vc_empty_space][vc_images_carousel images=&#8221;7162,7166,7168,7170,7184,7182,7180&#8243; img_size=&#8221;full&#8221; slides_per_view=&#8221;2&#8243; hide_pagination_control=&#8221;yes&#8221; partial_view=&#8221;yes&#8221; css=&#8221;&#8221; title=&#8221;Gallery&#8221;][vc_empty_space][\/vc_column][\/vc_row]\n<\/div>","protected":false},"excerpt":{"rendered":"<p>[vc_row][vc_column width=&#8221;2\/3&#8243;][vc_column_text css=&#8221;&#8221;] About the show: [\/vc_column_text][vc_column_text css=&#8221;&#8221;]Mostar, &#8220;City of Lights&#8221; is a play directed by David Zuazola, a Chilean director based in Spain. The project is a novelty in Bosnian and Herzegovina&#8217;s theater in terms of its concept and method of work. The play, whose set design was created by actors together with elementary school students, maps Mostar and [&hellip;]<\/p>\n","protected":false},"author":1,"featured_media":7138,"parent":3006,"menu_order":0,"comment_status":"closed","ping_status":"open","template":"","meta":{"inline_featured_image":false,"footnotes":""},"class_list":["post-7193","page","type-page","status-publish","has-post-thumbnail","hentry"],"_links":{"self":[{"href":"https:\/\/www.plm.ba\/en\/wp-json\/wp\/v2\/pages\/7193","targetHints":{"allow":["GET"]}}],"collection":[{"href":"https:\/\/www.plm.ba\/en\/wp-json\/wp\/v2\/pages"}],"about":[{"href":"https:\/\/www.plm.ba\/en\/wp-json\/wp\/v2\/types\/page"}],"author":[{"embeddable":true,"href":"https:\/\/www.plm.ba\/en\/wp-json\/wp\/v2\/users\/1"}],"replies":[{"embeddable":true,"href":"https:\/\/www.plm.ba\/en\/wp-json\/wp\/v2\/comments?post=7193"}],"version-history":[{"count":0,"href":"https:\/\/www.plm.ba\/en\/wp-json\/wp\/v2\/pages\/7193\/revisions"}],"up":[{"embeddable":true,"href":"https:\/\/www.plm.ba\/en\/wp-json\/wp\/v2\/pages\/3006"}],"wp:featuredmedia":[{"embeddable":true,"href":"https:\/\/www.plm.ba\/en\/wp-json\/wp\/v2\/media\/7138"}],"wp:attachment":[{"href":"https:\/\/www.plm.ba\/en\/wp-json\/wp\/v2\/media?parent=7193"}],"curies":[{"name":"wp","href":"https:\/\/api.w.org\/{rel}","templated":true}]}}